{"id":18,"date":"2023-10-10T23:28:06","date_gmt":"2023-10-10T21:28:06","guid":{"rendered":"https:\/\/budkagroomera.pl\/?page_id=18"},"modified":"2024-02-21T20:02:48","modified_gmt":"2024-02-21T19:02:48","slug":"kontakt","status":"publish","type":"page","link":"https:\/\/budkagroomera.pl\/index.php\/kontakt\/","title":{"rendered":"Kontakt"},"content":{"rendered":"\n<p class=\"gutenify-section-d35d0640-67b3-11ee-acc3-bfed3c690043\"><\/p>\n\n\n\n<div class=\"wp-block-columns is-layout-flex wp-container-6 wp-block-columns-is-layout-flex\">\n<div class=\"wp-block-column is-layout-flow wp-block-column-is-layout-flow\">\n<p class=\"has-text-align-center has-luminous-vivid-orange-color has-text-color has-medium-font-size\"><\/p>\n\n\n\n<div class=\"wp-block-group is-layout-constrained wp-block-group-is-layout-constrained\"><div class=\"wp-block-group__inner-container\">\n<div class=\"wp-block-group is-layout-constrained wp-block-group-is-layout-constrained\"><div class=\"wp-block-group__inner-container\">\n<div class=\"wp-block-group is-vertical is-content-justification-center is-nowrap is-layout-flex wp-container-1 wp-block-group-is-layout-flex\">\n<h1 class=\"wp-block-heading has-text-align-center has-luminous-vivid-orange-color has-text-color\" style=\"font-size:21px\"><br><br>Telefon: <a href=\"tel:+48534824484\">534 824 484<\/a><br><a href=\"https:\/\/www.facebook.com\/BudkaGroomera\">Facebook<\/a><br><br><\/h1>\n\n\n\n<h1 class=\"wp-block-heading has-text-align-center has-luminous-vivid-orange-color has-text-color\" style=\"font-size:21px\"><br><\/h1>\n<\/div>\n<\/div><\/div>\n<\/div><\/div>\n<\/div>\n\n\n\n<div class=\"wp-block-column is-layout-flow wp-block-column-is-layout-flow\">\n<p class=\"has-small-font-size\">Uwaga! Nasz salon otwarty jest w godzinach wcze\u015bniej um\u00f3wionych wizyt! Doskonale zdajemy sobie spraw\u0119 z  problemu, aby z po\u015br\u00f3d codziennych obowi\u0105zk\u00f3w znale\u017a\u0107 czas aby przyprowadzi\u0107 swojego zwierzaka na zabiegi piel\u0119gnacyjne. Przyjmujemy waszych czworono\u017cnych przyjaci\u00f3\u0142 w mo\u017cliwie najdogodniejszym terminie dla klienta. Z tego powodu nie posiadamy sta\u0142ych godzin otwarcia, dlatego prosz\u0119 o umawianie wizyt telefoniczne, za pomoc\u0105 aplikacji WhatsApp lub Messenger!<\/p>\n\n\n\n<p class=\"has-text-align-center has-luminous-vivid-orange-color has-text-color has-medium-font-size\"><\/p>\n\n\n\n<p class=\"has-small-font-size\">W tym przypadku r\u00f3wnie\u017c prosimy o cierpliwo\u015b\u0107 i wyrozumia\u0142o\u015b\u0107, cz\u0119sto bywa \u017ce nie jeste\u015bmy w stanie odebra\u0107 telefonu &#8211; czy to w trakcie k\u0105pieli pieska, czy strzy\u017cenia. Je\u015bli nie nikt nie odbiera, prosimy napisa\u0107 wiadomo\u015b\u0107 a na pewno si\u0119 z pa\u0144stwem skontaktujemy gdy tylko b\u0119dzie taka mo\u017cliwo\u015b\u0107.<\/p>\n<\/div>\n<\/div>\n\n\n\n<p class=\"has-text-align-center\" style=\"font-size:26px\"><strong>Znajdziesz nas tutaj!<\/strong><\/p>\n\n\n\n<p class=\"has-text-align-center has-medium-font-size\">18 Stycznia 21<br>98-300 Wielu\u0144<\/p>\n\n\n\n<div class=\"wp-block-gutenify-map gutenify-block-map-wrapper gutenify-map-version-2 gutenify-section-a4082c30-67b3-11ee-acc3-bfed3c690043\"><iframe title=\"Google Map\" frameborder=\"0\" src=\"https:\/\/www.google.com\/maps?q=Wielu\u0144 18 stycznia 21&amp;output=embed&amp;hl=en&amp;z=12\" style=\"width:100%;min-height:400px\"><\/iframe><\/div>\n","protected":false},"excerpt":{"rendered":"<p>Telefon: 534 824 484Facebook Uwaga! Nasz salon otwarty jest w godzinach wcze\u015bniej um\u00f3wionych wizyt! Doskonale zdajemy sobie spraw\u0119 z problemu, aby z po\u015br\u00f3d codziennych obowi\u0105zk\u00f3w znale\u017a\u0107 czas aby przyprowadzi\u0107 swojego zwierzaka na zabiegi piel\u0119gnacyjne. Przyjmujemy waszych czworono\u017cnych przyjaci\u00f3\u0142 w mo\u017cliwie najdogodniejszym terminie dla klienta. Z tego powodu nie posiadamy sta\u0142ych godzin otwarcia, dlatego prosz\u0119 o [&hellip;]<\/p>\n","protected":false},"author":1,"featured_media":0,"parent":0,"menu_order":0,"comment_status":"closed","ping_status":"closed","template":"","meta":{"ngg_post_thumbnail":0,"footnotes":""},"_links":{"self":[{"href":"https:\/\/budkagroomera.pl\/index.php\/wp-json\/wp\/v2\/pages\/18"}],"collection":[{"href":"https:\/\/budkagroomera.pl\/index.php\/wp-json\/wp\/v2\/pages"}],"about":[{"href":"https:\/\/budkagroomera.pl\/index.php\/wp-json\/wp\/v2\/types\/page"}],"author":[{"embeddable":true,"href":"https:\/\/budkagroomera.pl\/index.php\/wp-json\/wp\/v2\/users\/1"}],"replies":[{"embeddable":true,"href":"https:\/\/budkagroomera.pl\/index.php\/wp-json\/wp\/v2\/comments?post=18"}],"version-history":[{"count":22,"href":"https:\/\/budkagroomera.pl\/index.php\/wp-json\/wp\/v2\/pages\/18\/revisions"}],"predecessor-version":[{"id":360,"href":"https:\/\/budkagroomera.pl\/index.php\/wp-json\/wp\/v2\/pages\/18\/revisions\/360"}],"wp:attachment":[{"href":"https:\/\/budkagroomera.pl\/index.php\/wp-json\/wp\/v2\/media?parent=18"}],"curies":[{"name":"wp","href":"https:\/\/api.w.org\/{rel}","templated":true}]}}