{"id":23,"date":"2023-10-10T23:33:19","date_gmt":"2023-10-10T21:33:19","guid":{"rendered":"https:\/\/budkagroomera.pl\/?page_id=23"},"modified":"2023-10-27T22:45:16","modified_gmt":"2023-10-27T20:45:16","slug":"regulamin","status":"publish","type":"page","link":"https:\/\/budkagroomera.pl\/index.php\/regulamin\/","title":{"rendered":"Regulamin"},"content":{"rendered":"\n<p class=\"has-text-align-center\"><strong><mark style=\"background-color:rgba(0, 0, 0, 0)\" class=\"has-inline-color has-black-color\">REGULAMIN<\/mark><\/strong><\/p>\n\n\n\n<p class=\"has-text-align-center\"> Salon Piel\u0119gnacji Ps\u00f3w Budka Groomera Aleksandra Winek-Janas<\/p>\n\n\n\n<p class=\"has-text-align-center\"><strong> \u00a7 1  Umawianie wizyt <\/strong><\/p>\n\n\n\n<p>Umawiaj\u0105c wizyt\u0119 w Budce Groomer&#8217;a klient akceptuje warunki niniejszego regulaminu <\/p>\n\n\n\n<p>Termin wizyty ustalany jest telefonicznie pod numerem 534-824-484 lub za pomoc\u0105 Facebooka <a rel=\"noreferrer noopener\" href=\"http:\/\/www.facebook.pl\/budkagroomera?fbclid=IwAR3ibG6vABvfwGABMf0GR9DZ3W7ywz4SGlRUY-FxUVwhni28wYVe30TQwjQ\" target=\"_blank\">www.facebook.pl\/budkagroomera<\/a> <\/p>\n\n\n\n<p>BG* zastrzega sobie prawo do telefonicznego przypomnienia o wizycie <\/p>\n\n\n\n<p>Podczas rozmowy telefonicznej prosz\u0119 o kr\u00f3tki opis charakteru psa np.; \u017cywio\u0142owy, spokojny oraz stanie jego szaty du\u017co filcu, ko\u0142tun\u00f3w itd. <\/p>\n\n\n\n<p>Je\u017celi jest to pierwsza wizyta pupila w salonie prosz\u0119 o tym uprzedzi\u0107 przy umawianiu wizyty w celu rezerwacji wi\u0119kszej ilo\u015bci czasu dla Pa\u0144stwa psiaka <\/p>\n\n\n\n<p>Podczas umawiania wizyty oraz chwil\u0119 przed piel\u0119gnacj\u0105 prosz\u0119 poinformowa\u0107 groomera o ewentualnych chorobach pupila, alergii, chorobach sk\u00f3ry, zaburzeniach neurologicznych, stanach l\u0119kowych, agresywno\u015bci oraz o przyjmowanych przez niego lekach <\/p>\n\n\n\n<p>BG* nie zaleca wykonywania pe\u0142nej us\u0142ugi strzy\u017cenia u piesk\u00f3w poni\u017cej 6 m-ca \u017cycia. Wp\u0142ywa na to proces wymiany szaty oraz zachowanie szczeniaka. Pieski w tym wieku s\u0105 bardzo ruchliwe i energiczne. Czas wizyty m\u00f3g\u0142by negatywnie wp\u0142yn\u0105\u0107 na ich zachowanie podczas p\u00f3\u017aniejszych wizyt. <\/p>\n\n\n\n<p>W razie rezygnacji z wizyty prosz\u0119 o telefoniczne lub sms-owe poinformowanie o tym fakcie najp\u00f3\u017aniej do godz 20:00 dnia poprzedzaj\u0105cego wizyt\u0119. Poinformowanie mnie o rezygnacji z wizyty pozwoli mi na na nowo zorganizowa\u0107 dzie\u0144 w salonie. <\/p>\n\n\n\n<p>W przypadku nie przybycia na um\u00f3wion\u0105 wizyt\u0119 bez odwo\u0142ania, ponowne um\u00f3wienie b\u0119dzie tylko mo\u017cliwe po dokonaniu wcze\u015bniejszej przedp\u0142aty w wysoko\u015bci 50% podstawowej ceny. <\/p>\n\n\n\n<p>Ka\u017cde sp\u00f3\u017anienie powy\u017cej 20 minut o kt\u00f3rym salon nie zosta\u0142 poinformowany skutkuje odwo\u0142aniem wizyty. <\/p>\n\n\n\n<p>Po odbi\u00f3r pupila powinna przyj\u015b\u0107 ta sama osoba kt\u00f3ra psiaka przyprowadzi\u0142a lub osoba przez ni\u0105 wskazana.<\/p>\n\n\n\n<p class=\"has-text-align-center\"><strong> \u00a7 2<\/strong> <strong> Przygotowanie do wizyty<\/strong><\/p>\n\n\n\n<p>Prosz\u0119 o niekarmienie pupila chwil\u0119 przed wizyt\u0105. Potrzeby fizjologiczne skutecznie przeszkadzaj\u0105 w cierpliwym staniu na stole groomer&#8217;skim. <\/p>\n\n\n\n<p>Prosz\u0119 o wyspacerowanie pupila przed wizyt\u0105. Dla piesk\u00f3w bardziej energicznych przyda si\u0119 d\u0142u\u017cszy spacer i zabawa \ud83d\ude42 Piesek wybawiony to piesek grzeczniejszy podczas piel\u0119gnacji. <\/p>\n\n\n\n<p>W BG* wszystkie psiaki s\u0105 k\u0105pane. Ma to na celu podwy\u017cszenie jako\u015bci us\u0142ug oraz higieny pracy. K\u0105piel oraz suszenie pozwala na odpowiednie przygotowanie w\u0142osa do stylizacji. <\/p>\n\n\n\n<p>Je\u015bli z jakich\u015b powod\u00f3w np.; (stany l\u0119kowe, padaczka itd.,) pupil nie mo\u017ce by\u0107 k\u0105pany w salonie prosz\u0119 poinformowa\u0107 o tym fakcie podczas umawiania wizyty i chwil\u0119 przed piel\u0119gnacj\u0105. <\/p>\n\n\n\n<p>Je\u015bli z bli\u017cej nieokre\u015blonych przyczyn wizyta ma si\u0119 odby\u0107 bez k\u0105pieli klient zobowi\u0105zany jest do dok\u0142adnego wyk\u0105pania, wyczesania oraz wysuszenia psiaczka dzie\u0144 przed wizyt\u0105. Koszt takiej us\u0142ugi jest taki sam jak pe\u0142nej us\u0142ugi z k\u0105piel\u0105. <\/p>\n\n\n\n<p>Ka\u017cdy psiak powinien mie\u0107 aktualne szczepienie przeciw w\u015bciekli\u017anie, kt\u00f3re na pro\u015bb\u0119 groomer&#8217;a musi by\u0107 pokazane.<\/p>\n\n\n\n<p class=\"has-text-align-center\"><strong> \u00a7 3<\/strong> <strong>Wizyta w Salonie <\/strong><\/p>\n\n\n\n<p>W BG* dla u\u0142atwienia pracy groomer&#8217;a i skr\u00f3cenia czasu wykonywanej us\u0142ugi psiaki strzy\u017cone s\u0105 bez obecno\u015bci w\u0142a\u015bciciela. Pod nieobecno\u015b\u0107 w\u0142a\u015bciciela pies jest spokojniejszy i wsp\u00f3\u0142pracuje z groomer&#8217;em. Wyj\u0105tkiem s\u0105 pieski w podesz\u0142ym wieku oraz z tzw. l\u0119kiem separacyjnym, u kt\u00f3rych obecno\u015b\u0107 w\u0142a\u015bciciela jest obowi\u0105zkowa. <\/p>\n\n\n\n<p>Po\u015bpiech w pracy groomer&#8217;a jest niewskazany, pracuje przy u\u017cyciu ostrych narz\u0119dzi, prosz\u0119 zatem o niewywieranie presji czasu oraz niedekoncentrowanie groomer&#8217;a ani psa podczas zabieg\u00f3w. <\/p>\n\n\n\n<p>Salon zastrzega sobie prawo do odm\u00f3wienia wykonania us\u0142ugi w przypadku, gdy pies przyszed\u0142 na wizyt\u0119 z pch\u0142ami i pobiera ca\u0142\u0105 nale\u017cn\u0105 op\u0142at\u0119. <\/p>\n\n\n\n<p>Je\u017celi konieczne s\u0105 zabiegi dodatkowe np. czyszczenie gruczo\u0142\u00f3w oko\u0142oodbytowych, usuwanie kleszczy s\u0105 one wykonywane obligatoryjnie, bez powiadomienia w\u0142a\u015bciciela. Ich koszt podany jest w cenniku. <\/p>\n\n\n\n<p>W przypadku braku lub niepe\u0142nej informacji o stanie sier\u015bci psa, zmianach co do sposobu stylizacji zastrzegam prawo do wyd\u0142u\u017cenia czasu wizyty. <\/p>\n\n\n\n<p>W salonie pracuje wy\u0142\u0105cznie na profesjonalnym czystym i sterylnym sprz\u0119cie, u\u017cywaj\u0105c kosmetyk\u00f3w renomowanych firm. <\/p>\n\n\n\n<p>W salonie przestrzegam zasad BHP oraz regularnie dezynfekujemy wszystkie narz\u0119dzia oraz powierzchnie u\u017cytkowe. <\/p>\n\n\n\n<p>Nie gol\u0119 maszynk\u0105 ps\u00f3w do sk\u00f3ry ani nie strzy\u017ce ps\u00f3w z podw\u00f3jn\u0105 okryw\u0105 w\u0142osow\u0105! <\/p>\n\n\n\n<p>W Salonie nie wykonujemy zabieg\u00f3w na suczkach w czasie cieczki. <\/p>\n\n\n\n<p>W salonie nie u\u017cywam \u017cadnych \u015brodk\u00f3w uspokajaj\u0105cych. Groomer nie ma uprawnie\u0144 do tego typu czynno\u015bci, kt\u00f3re mo\u017ce wykonywa\u0107 jedynie wykwalifikowany lekarz weterynarii. Po za tym jest to niezgodne z etyk\u0105 naszej pracy. Prosz\u0119 r\u00f3wnie\u017c o niepodawanie samodzielnie psu takich \u015brodk\u00f3w przed zabiegiem. Je\u015bli \u015brodki zosta\u0142y podane przez weterynarza z jego zalecenia obowi\u0105zkiem w\u0142a\u015bciciela psa jest poinformowanie o tym groomer&#8217;a przed zabiegiem. <\/p>\n\n\n\n<p>Przyjmuj\u0119 psy zdrowe. Psy z widocznymi oznakami choroby sk\u00f3ry odsy\u0142am do przychodni weterynaryjnej i zalecam um\u00f3wienie si\u0119 na piel\u0119gnacj\u0119 po wyleczeniu. Kieruje si\u0119 przede wszystkim zdrowiem w\u0142asnym i naszych klient\u00f3w. <\/p>\n\n\n\n<p>Psy chore, l\u0119kliwe, staruszki oraz psiaki o niezr\u00f3wnowa\u017conym charakterze strzy\u017cone s\u0105 wy\u0142\u0105cznie na \u017c\u0105danie w\u0142a\u015bciciela i na jego odpowiedzialno\u015b\u0107, wymagane jest podpisanie przez w\u0142a\u015bciciela\/opiekuna psa dodatkowej klauzuli o \u201ewzi\u0119ciu na siebie odpowiedzialno\u015bci za psa podczas pobytu w Salonie\u201d.  W\u0142a\u015bciciel zostaje z groomer&#8217;em je\u015bli groomer uzna to za konieczne. <\/p>\n\n\n\n<p>W przypadku agresywnego zachowania pies musi by\u0107 zabezpieczony kaga\u0144cem. W przypadku, gdy pies nadal nie pozwala si\u0119 opanowa\u0107, groomer rezygnuje z dalszego wykonywania us\u0142ugi. <\/p>\n\n\n\n<p>W razie nag\u0142ego pogorszenia si\u0119 stanu zdrowia psa podczas wizyty, kt\u00f3re nast\u0105pi\u0142o w wyniku ju\u017c istniej\u0105cej choroby lub choroby, kt\u00f3ra ujawni\u0142a si\u0119 podczas wizyty, pracownik Salonu ma prawo do skorzystania z konsultacji z lekarzem weterynarii. Koszt niezb\u0119dnych wskazanych przez lekarza zabieg\u00f3w ponosi w\u0142a\u015bciciel\/opiekun psa. <\/p>\n\n\n\n<p>Salon nie ponosi odpowiedzialno\u015bci za pogorszenie si\u0119 stanu zdrowia psa, kt\u00f3ry w\u0142a\u015bciciel zatai\u0142. <\/p>\n\n\n\n<p>W przypadku nieszcz\u0119\u015bliwego wypadku podczas wykonywania us\u0142ug, pracownik Salonu ma prawo do skorzystania z konsultacji z lekarzem weterynarii. Koszt niezb\u0119dnych wskazanych przez lekarza zabieg\u00f3w ponosi Salon. <\/p>\n\n\n\n<p>W razie niepe\u0142nej satysfakcji gwarantuje bezp\u0142atne dokonanie poprawek \u2013 je\u017celi b\u0119dzie taka mo\u017cliwo\u015b\u0107 bezpo\u015brednio po wizycie lub w ustalonym terminie. Reklamacji mo\u017cna dokonywa\u0107 maksymalnie w terminie 8 godzin od wykonania us\u0142ugi. <\/p>\n\n\n\n<p>Pa\u0144stwa dane osobowe przetwarzane s\u0105 w celu \u015bwiadczenia us\u0142ugi groomer&#8217;skiej zapewniaj\u0105cej legalno\u015bci przetwarzania danych osobowych w spos\u00f3b zgodny z wymogami RODO. <\/p>\n\n\n\n<p><\/p>\n\n\n\n<p>*BG tj. Budka Groomera<\/p>\n\n\n\n<hr class=\"wp-block-separator has-alpha-channel-opacity\"\/>\n","protected":false},"excerpt":{"rendered":"<p>REGULAMIN Salon Piel\u0119gnacji Ps\u00f3w Budka Groomera Aleksandra Winek-Janas \u00a7 1 Umawianie wizyt Umawiaj\u0105c wizyt\u0119 w Budce Groomer&#8217;a klient akceptuje warunki niniejszego regulaminu Termin wizyty ustalany jest telefonicznie pod numerem 534-824-484 lub za pomoc\u0105 Facebooka www.facebook.pl\/budkagroomera BG* zastrzega sobie prawo do telefonicznego przypomnienia o wizycie Podczas rozmowy telefonicznej prosz\u0119 o kr\u00f3tki opis charakteru psa np.; \u017cywio\u0142owy, [&hellip;]<\/p>\n","protected":false},"author":1,"featured_media":0,"parent":0,"menu_order":0,"comment_status":"closed","ping_status":"closed","template":"","meta":{"ngg_post_thumbnail":0,"footnotes":""},"_links":{"self":[{"href":"https:\/\/budkagroomera.pl\/index.php\/wp-json\/wp\/v2\/pages\/23"}],"collection":[{"href":"https:\/\/budkagroomera.pl\/index.php\/wp-json\/wp\/v2\/pages"}],"about":[{"href":"https:\/\/budkagroomera.pl\/index.php\/wp-json\/wp\/v2\/types\/page"}],"author":[{"embeddable":true,"href":"https:\/\/budkagroomera.pl\/index.php\/wp-json\/wp\/v2\/users\/1"}],"replies":[{"embeddable":true,"href":"https:\/\/budkagroomera.pl\/index.php\/wp-json\/wp\/v2\/comments?post=23"}],"version-history":[{"count":7,"href":"https:\/\/budkagroomera.pl\/index.php\/wp-json\/wp\/v2\/pages\/23\/revisions"}],"predecessor-version":[{"id":67,"href":"https:\/\/budkagroomera.pl\/index.php\/wp-json\/wp\/v2\/pages\/23\/revisions\/67"}],"wp:attachment":[{"href":"https:\/\/budkagroomera.pl\/index.php\/wp-json\/wp\/v2\/media?parent=23"}],"curies":[{"name":"wp","href":"https:\/\/api.w.org\/{rel}","templated":true}]}}