{"id":236,"date":"2024-01-03T17:15:19","date_gmt":"2024-01-03T16:15:19","guid":{"rendered":"https:\/\/budkagroomera.pl\/?page_id=236"},"modified":"2024-02-20T12:57:37","modified_gmt":"2024-02-20T11:57:37","slug":"kapiel-i-pielegnacja-siersci","status":"publish","type":"page","link":"https:\/\/budkagroomera.pl\/index.php\/kapiel-i-pielegnacja-siersci\/","title":{"rendered":"K\u0105piel i piel\u0119gnacja sier\u015bci"},"content":{"rendered":"\n<div class=\"wp-block-columns is-layout-flex wp-container-4 wp-block-columns-is-layout-flex\">\n<div class=\"wp-block-column is-layout-flow wp-block-column-is-layout-flow\" style=\"font-style:normal;font-weight:500;flex-basis:33.33%\">\n<div class=\"wp-block-buttons is-layout-flex wp-block-buttons-is-layout-flex\">\n<div class=\"wp-block-button has-custom-width wp-block-button__width-100 has-custom-font-size is-style-fill has-small-font-size\"><a class=\"wp-block-button__link wp-element-button\" href=\"https:\/\/budkagroomera.pl\/index.php\/kapiel-i-pielegnacja-siersci\/\" style=\"border-radius:15px\">K\u0104PIEL I PIEL\u0118GNACJA SIER\u015aCI<\/a><\/div>\n\n\n\n<div class=\"wp-block-button has-custom-width wp-block-button__width-100 has-custom-font-size is-style-fill has-small-font-size\"><a class=\"wp-block-button__link wp-element-button\" href=\"https:\/\/budkagroomera.pl\/index.php\/strzyzenie\/\" style=\"border-radius:15px\">STRZY\u017bENIE PS\u00d3W<\/a><\/div>\n\n\n\n<div class=\"wp-block-button has-custom-width wp-block-button__width-100 has-custom-font-size is-style-fill has-small-font-size\"><a class=\"wp-block-button__link wp-element-button\" href=\"https:\/\/budkagroomera.pl\/index.php\/rozczesywanie-siersci\/\" style=\"border-radius:15px\">ROZCZESYWANIE SIER\u015aCI<\/a><\/div>\n\n\n\n<div class=\"wp-block-button has-custom-width wp-block-button__width-100 has-custom-font-size is-style-fill has-small-font-size\"><a class=\"wp-block-button__link wp-element-button\" href=\"https:\/\/budkagroomera.pl\/index.php\/trymowanie\/\" style=\"border-radius:15px\">TRYMOWANIE<\/a><\/div>\n\n\n\n<div class=\"wp-block-button has-custom-width wp-block-button__width-100 has-custom-font-size is-style-fill has-small-font-size\"><a class=\"wp-block-button__link wp-element-button\" href=\"https:\/\/budkagroomera.pl\/index.php\/pielegnacja-okolic-oczu\/\" style=\"border-radius:15px\">PIEL\u0118GNACJA OKOLIC OCZU<\/a><\/div>\n\n\n\n<div class=\"wp-block-button has-custom-width wp-block-button__width-100 has-custom-font-size is-style-fill has-small-font-size\"><a class=\"wp-block-button__link wp-element-button\" href=\"https:\/\/budkagroomera.pl\/index.php\/czyszczenie-uszu\/\" style=\"border-radius:15px\">CZYSZCZENIE USZU<\/a><\/div>\n\n\n\n<div class=\"wp-block-button has-custom-width wp-block-button__width-100 has-custom-font-size is-style-fill has-small-font-size\"><a class=\"wp-block-button__link wp-element-button\" href=\"https:\/\/budkagroomera.pl\/index.php\/obcinanie-pazurkow\/\" style=\"border-radius:15px\">OBCINANIE PAZUR\u00d3W<\/a><\/div>\n\n\n\n<div class=\"wp-block-button has-custom-width wp-block-button__width-100 has-custom-font-size is-style-fill has-small-font-size\"><a class=\"wp-block-button__link wp-element-button\" href=\"https:\/\/budkagroomera.pl\/index.php\/higiena-okolic-intymnych\/\" style=\"border-radius:15px\">US\u0141UGA EXPRESS<\/a><\/div>\n<\/div>\n<\/div>\n\n\n\n<div class=\"wp-block-column is-layout-flow wp-block-column-is-layout-flow\" style=\"flex-basis:66.66%\">\n<p class=\"has-luminous-vivid-orange-color has-text-color has-medium-font-size\">K\u0104PIEL I PIEL\u0118GNACJA SIER\u015aCI<\/p>\n\n\n\n<p>K\u0105piel to nie tylko zmoczenie pupila i szybkie sp\u0142ukanie szamponu. Tak najcz\u0119\u015bciej wygl\u0105da Spa, kt\u00f3re staracie si\u0119 sami wykonywa\u0107 w domu.<br>Zabieg w Salonie wykonywany jest z ogromn\u0105 staranno\u015bci\u0105 i poprzedzaj\u0105 go dok\u0142adne ogl\u0119dziny szaty oraz sk\u00f3ry psiaka. Podczas k\u0105pieli u\u017cywam kosmetyk\u00f3w najwy\u017cszej jako\u015bci np,. Yuup, Dr. Lucy, Chris Christensen, Iv San Bernard itd,,<br>Zabieg wykonywany jest najcz\u0119\u015bciej w 3 etapach: k\u0105piel wst\u0119pna (oczyszczaj\u0105ca), zasadnicza piel\u0119gnacja w\u0142osa, od\u017cywienie i rewitalizacja. Pyszczek jest dok\u0142adnie myty szamponem hypoalergicznym oraz tak aby woda nie dosta\u0142a si\u0119 do uszu i noska. Nast\u0119pnie przechodzimy do suszenia specjalnymi dmuchawami jednoczenie stylizuj\u0105c w\u0142os aby uzyska\u0107 oczekiwany efekt przed samym strzy\u017ceniem.<\/p>\n<\/div>\n<\/div>\n\n\n\n<p><\/p>\n","protected":false},"excerpt":{"rendered":"<p>K\u0104PIEL I PIEL\u0118GNACJA SIER\u015aCI K\u0105piel to nie tylko zmoczenie pupila i szybkie sp\u0142ukanie szamponu. Tak najcz\u0119\u015bciej wygl\u0105da Spa, kt\u00f3re staracie si\u0119 sami wykonywa\u0107 w domu.Zabieg w Salonie wykonywany jest z ogromn\u0105 staranno\u015bci\u0105 i poprzedzaj\u0105 go dok\u0142adne ogl\u0119dziny szaty oraz sk\u00f3ry psiaka. Podczas k\u0105pieli u\u017cywam kosmetyk\u00f3w najwy\u017cszej jako\u015bci np,. Yuup, Dr. Lucy, Chris Christensen, Iv San [&hellip;]<\/p>\n","protected":false},"author":1,"featured_media":0,"parent":0,"menu_order":0,"comment_status":"closed","ping_status":"closed","template":"","meta":{"ngg_post_thumbnail":0,"footnotes":""},"_links":{"self":[{"href":"https:\/\/budkagroomera.pl\/index.php\/wp-json\/wp\/v2\/pages\/236"}],"collection":[{"href":"https:\/\/budkagroomera.pl\/index.php\/wp-json\/wp\/v2\/pages"}],"about":[{"href":"https:\/\/budkagroomera.pl\/index.php\/wp-json\/wp\/v2\/types\/page"}],"author":[{"embeddable":true,"href":"https:\/\/budkagroomera.pl\/index.php\/wp-json\/wp\/v2\/users\/1"}],"replies":[{"embeddable":true,"href":"https:\/\/budkagroomera.pl\/index.php\/wp-json\/wp\/v2\/comments?post=236"}],"version-history":[{"count":4,"href":"https:\/\/budkagroomera.pl\/index.php\/wp-json\/wp\/v2\/pages\/236\/revisions"}],"predecessor-version":[{"id":335,"href":"https:\/\/budkagroomera.pl\/index.php\/wp-json\/wp\/v2\/pages\/236\/revisions\/335"}],"wp:attachment":[{"href":"https:\/\/budkagroomera.pl\/index.php\/wp-json\/wp\/v2\/media?parent=236"}],"curies":[{"name":"wp","href":"https:\/\/api.w.org\/{rel}","templated":true}]}}