{"id":238,"date":"2024-01-03T17:16:21","date_gmt":"2024-01-03T16:16:21","guid":{"rendered":"https:\/\/budkagroomera.pl\/?page_id=238"},"modified":"2024-02-20T12:57:37","modified_gmt":"2024-02-20T11:57:37","slug":"strzyzenie","status":"publish","type":"page","link":"https:\/\/budkagroomera.pl\/index.php\/strzyzenie\/","title":{"rendered":"Strzy\u017cenie"},"content":{"rendered":"\n<div class=\"wp-block-columns is-layout-flex wp-container-4 wp-block-columns-is-layout-flex\">\n<div class=\"wp-block-column is-layout-flow wp-block-column-is-layout-flow\" style=\"font-style:normal;font-weight:500;flex-basis:33.33%\">\n<div class=\"wp-block-buttons is-layout-flex wp-block-buttons-is-layout-flex\">\n<div class=\"wp-block-button has-custom-width wp-block-button__width-100 has-custom-font-size is-style-fill has-small-font-size\"><a class=\"wp-block-button__link wp-element-button\" href=\"https:\/\/budkagroomera.pl\/index.php\/kapiel-i-pielegnacja-siersci\/\" style=\"border-radius:15px\">K\u0104PIEL I PIEL\u0118GNACJA SIER\u015aCI<\/a><\/div>\n\n\n\n<div class=\"wp-block-button has-custom-width wp-block-button__width-100 has-custom-font-size is-style-fill has-small-font-size\"><a class=\"wp-block-button__link wp-element-button\" href=\"https:\/\/budkagroomera.pl\/index.php\/strzyzenie\/\" style=\"border-radius:15px\">STRZY\u017bENIE PS\u00d3W<\/a><\/div>\n\n\n\n<div class=\"wp-block-button has-custom-width wp-block-button__width-100 has-custom-font-size is-style-fill has-small-font-size\"><a class=\"wp-block-button__link wp-element-button\" href=\"https:\/\/budkagroomera.pl\/index.php\/rozczesywanie-siersci\/\" style=\"border-radius:15px\">ROZCZESYWANIE SIER\u015aCI<\/a><\/div>\n\n\n\n<div class=\"wp-block-button has-custom-width wp-block-button__width-100 has-custom-font-size is-style-fill has-small-font-size\"><a class=\"wp-block-button__link wp-element-button\" href=\"https:\/\/budkagroomera.pl\/index.php\/trymowanie\/\" style=\"border-radius:15px\">TRYMOWANIE<\/a><\/div>\n\n\n\n<div class=\"wp-block-button has-custom-width wp-block-button__width-100 has-custom-font-size is-style-fill has-small-font-size\"><a class=\"wp-block-button__link wp-element-button\" href=\"https:\/\/budkagroomera.pl\/index.php\/pielegnacja-okolic-oczu\/\" style=\"border-radius:15px\">PIEL\u0118GNACJA OKOLIC OCZU<\/a><\/div>\n\n\n\n<div class=\"wp-block-button has-custom-width wp-block-button__width-100 has-custom-font-size is-style-fill has-small-font-size\"><a class=\"wp-block-button__link wp-element-button\" href=\"https:\/\/budkagroomera.pl\/index.php\/czyszczenie-uszu\/\" style=\"border-radius:15px\">CZYSZCZENIE USZU<\/a><\/div>\n\n\n\n<div class=\"wp-block-button has-custom-width wp-block-button__width-100 has-custom-font-size is-style-fill has-small-font-size\"><a class=\"wp-block-button__link wp-element-button\" href=\"https:\/\/budkagroomera.pl\/index.php\/obcinanie-pazurkow\/\" style=\"border-radius:15px\">OBCINANIE PAZUR\u00d3W<\/a><\/div>\n\n\n\n<div class=\"wp-block-button has-custom-width wp-block-button__width-100 has-custom-font-size is-style-fill has-small-font-size\"><a class=\"wp-block-button__link wp-element-button\" href=\"https:\/\/budkagroomera.pl\/index.php\/higiena-okolic-intymnych\/\" style=\"border-radius:15px\">US\u0141UGA EXPRESS<\/a><\/div>\n<\/div>\n<\/div>\n\n\n\n<div class=\"wp-block-column is-layout-flow wp-block-column-is-layout-flow\" style=\"flex-basis:66.66%\">\n<p class=\"has-luminous-vivid-orange-color has-text-color has-medium-font-size\">STRZY\u017bENIE<\/p>\n\n\n\n<p>Mog\u0142o by si\u0119 wydawa\u0107 \u017ce strzy\u017cenie psiaka to szybki i prosty zabieg. Nic bardziej mylnego.<br>Pies to \u017cywa istota, najcz\u0119\u015bciej posiadaj\u0105ca nieokie\u0142znana energi\u0119, kt\u00f3ra absolutnie nie ma w zamiarze poda\u0107 \u0142apki do obci\u0119cia pazur\u00f3w tak jak to robi cz\u0142owiek w salonie Pedicure.<br>Cztery \u0142apki potrafi\u0105 idealnie ta\u0144czy\u0107 na stole groomer&#8217;skim, podczas kiedy psi fryzjer pr\u00f3buj\u0119 z\u0142apa\u0107 dok\u0142adnie ten sam rytm kt\u00f3ry on wystukuj\u0119. Oczywi\u015bcie s\u0105 psiaczki kt\u00f3re stoj\u0105 grzecznie na stole ale zdecydowana wi\u0119kszo\u015b\u0107 to w\u0142a\u015bnie wrodzeni tancerze. Ka\u017cdego z nich traktuj\u0119 indywidualnie i staram si\u0119 znale\u017a\u0107 wsp\u00f3lny j\u0119zyk aby ca\u0142y proces przebiega\u0142 bez stresu oraz w mi\u0142ej dla niego atmosferze!<br>Strzy\u017cenie odbywa si\u0119 za pomoc\u0105 bardzo ostrych narz\u0119dzi aby mog\u0142y one dok\u0142adnie uci\u0105\u0107 w\u0142os jednoczenie nie naruszaj\u0105c jego struktury. Przy tancerzu to nie lada sztuka aby wykona\u0107 wymarzon\u0105 fryzurk\u0119, Dlatego warto dba\u0107 o regularne wizyty co 6\/8tyg kt\u00f3re pozwol\u0105 zniwelowa\u0107 stres pupila do minimum! Je\u015bli tw\u00f3j pupil nie ma jeszcze 4 miesi\u0119cy to warto odby\u0107 u nas wizyt\u0119 adaptacyjn\u0105, kt\u00f3ra przygotuje twojego przyjaciela do pe\u0142nych wizyt.<\/p>\n<\/div>\n<\/div>\n\n\n\n<p><\/p>\n","protected":false},"excerpt":{"rendered":"<p>STRZY\u017bENIE Mog\u0142o by si\u0119 wydawa\u0107 \u017ce strzy\u017cenie psiaka to szybki i prosty zabieg. Nic bardziej mylnego.Pies to \u017cywa istota, najcz\u0119\u015bciej posiadaj\u0105ca nieokie\u0142znana energi\u0119, kt\u00f3ra absolutnie nie ma w zamiarze poda\u0107 \u0142apki do obci\u0119cia pazur\u00f3w tak jak to robi cz\u0142owiek w salonie Pedicure.Cztery \u0142apki potrafi\u0105 idealnie ta\u0144czy\u0107 na stole groomer&#8217;skim, podczas kiedy psi fryzjer pr\u00f3buj\u0119 z\u0142apa\u0107 [&hellip;]<\/p>\n","protected":false},"author":1,"featured_media":0,"parent":0,"menu_order":0,"comment_status":"closed","ping_status":"closed","template":"","meta":{"ngg_post_thumbnail":0,"footnotes":""},"_links":{"self":[{"href":"https:\/\/budkagroomera.pl\/index.php\/wp-json\/wp\/v2\/pages\/238"}],"collection":[{"href":"https:\/\/budkagroomera.pl\/index.php\/wp-json\/wp\/v2\/pages"}],"about":[{"href":"https:\/\/budkagroomera.pl\/index.php\/wp-json\/wp\/v2\/types\/page"}],"author":[{"embeddable":true,"href":"https:\/\/budkagroomera.pl\/index.php\/wp-json\/wp\/v2\/users\/1"}],"replies":[{"embeddable":true,"href":"https:\/\/budkagroomera.pl\/index.php\/wp-json\/wp\/v2\/comments?post=238"}],"version-history":[{"count":5,"href":"https:\/\/budkagroomera.pl\/index.php\/wp-json\/wp\/v2\/pages\/238\/revisions"}],"predecessor-version":[{"id":336,"href":"https:\/\/budkagroomera.pl\/index.php\/wp-json\/wp\/v2\/pages\/238\/revisions\/336"}],"wp:attachment":[{"href":"https:\/\/budkagroomera.pl\/index.php\/wp-json\/wp\/v2\/media?parent=238"}],"curies":[{"name":"wp","href":"https:\/\/api.w.org\/{rel}","templated":true}]}}