{"id":24,"date":"2023-10-10T23:33:19","date_gmt":"2023-10-10T21:33:19","guid":{"rendered":"https:\/\/budkagroomera.pl\/?page_id=24"},"modified":"2024-02-20T13:54:57","modified_gmt":"2024-02-20T12:54:57","slug":"uslugi","status":"publish","type":"page","link":"https:\/\/budkagroomera.pl\/index.php\/uslugi\/","title":{"rendered":"Us\u0142ugi"},"content":{"rendered":"\n<div class=\"wp-block-columns is-layout-flex wp-container-4 wp-block-columns-is-layout-flex\">\n<div class=\"wp-block-column is-layout-flow wp-block-column-is-layout-flow\" style=\"font-style:normal;font-weight:500;flex-basis:33.33%\">\n<div class=\"wp-block-buttons is-layout-flex wp-block-buttons-is-layout-flex\">\n<div class=\"wp-block-button has-custom-width wp-block-button__width-100 has-custom-font-size is-style-fill has-small-font-size\"><a class=\"wp-block-button__link wp-element-button\" href=\"https:\/\/budkagroomera.pl\/index.php\/kapiel-i-pielegnacja-siersci\/\" style=\"border-radius:15px\">K\u0104PIEL I PIEL\u0118GNACJA SIER\u015aCI<\/a><\/div>\n\n\n\n<div class=\"wp-block-button has-custom-width wp-block-button__width-100 has-custom-font-size is-style-fill has-small-font-size\"><a class=\"wp-block-button__link wp-element-button\" href=\"https:\/\/budkagroomera.pl\/index.php\/strzyzenie\/\" style=\"border-radius:15px\">STRZY\u017bENIE PS\u00d3W<\/a><\/div>\n\n\n\n<div class=\"wp-block-button has-custom-width wp-block-button__width-100 has-custom-font-size is-style-fill has-small-font-size\"><a class=\"wp-block-button__link wp-element-button\" href=\"https:\/\/budkagroomera.pl\/index.php\/rozczesywanie-siersci\/\" style=\"border-radius:15px\">ROZCZESYWANIE SIER\u015aCI<\/a><\/div>\n\n\n\n<div class=\"wp-block-button has-custom-width wp-block-button__width-100 has-custom-font-size is-style-fill has-small-font-size\"><a class=\"wp-block-button__link wp-element-button\" href=\"https:\/\/budkagroomera.pl\/index.php\/trymowanie\/\" style=\"border-radius:15px\">TRYMOWANIE<\/a><\/div>\n\n\n\n<div class=\"wp-block-button has-custom-width wp-block-button__width-100 has-custom-font-size is-style-fill has-small-font-size\"><a class=\"wp-block-button__link wp-element-button\" href=\"https:\/\/budkagroomera.pl\/index.php\/pielegnacja-okolic-oczu\/\" style=\"border-radius:15px\">PIEL\u0118GNACJA OKOLIC OCZU<\/a><\/div>\n\n\n\n<div class=\"wp-block-button has-custom-width wp-block-button__width-100 has-custom-font-size is-style-fill has-small-font-size\"><a class=\"wp-block-button__link wp-element-button\" href=\"https:\/\/budkagroomera.pl\/index.php\/czyszczenie-uszu\/\" style=\"border-radius:15px\">CZYSZCZENIE USZU<\/a><\/div>\n\n\n\n<div class=\"wp-block-button has-custom-width wp-block-button__width-100 has-custom-font-size is-style-fill has-small-font-size\"><a class=\"wp-block-button__link wp-element-button\" href=\"https:\/\/budkagroomera.pl\/index.php\/obcinanie-pazurkow\/\" style=\"border-radius:15px\">OBCINANIE PAZUR\u00d3W<\/a><\/div>\n\n\n\n<div class=\"wp-block-button has-custom-width wp-block-button__width-100 has-custom-font-size is-style-fill has-small-font-size\"><a class=\"wp-block-button__link wp-element-button\" href=\"https:\/\/budkagroomera.pl\/index.php\/higiena-okolic-intymnych\/\" style=\"border-radius:15px\">US\u0141UGA EXPRESS<\/a><\/div>\n<\/div>\n<\/div>\n\n\n\n<div class=\"wp-block-column is-layout-flow wp-block-column-is-layout-flow\" style=\"flex-basis:66.66%\">\n<p class=\"has-luminous-vivid-orange-color has-text-color has-medium-font-size\">US\u0141UGI<\/p>\n\n\n\n<p>W Budce Groomera oferujemy szeroki zakres us\u0142ug, kt\u00f3re pomog\u0105 zadba\u0107 o wygl\u0105d i zdrowie Twojego pupila. Zapewniamy profesjonaln\u0105 opiek\u0119 i komfortowe warunki, aby Tw\u00f3j zwierzak czu\u0142 si\u0119 jak w domu. Oferujemy strzy\u017cenie, trymowanie, czesanie i mycie sier\u015bci, kt\u00f3re pomog\u0105 utrzyma\u0107 j\u0105 w doskona\u0142ej kondycji. Dzi\u0119ki naszym us\u0142ugom Tw\u00f3j zwierzak b\u0119dzie prezentowa\u0142 si\u0119 zadbany i stylowo.  Nasze zabiegi s\u0105 dostosowane do indywidualnych potrzeb zwierz\u0119cia. W naszym salonie wykonujemy r\u00f3wnie\u017c us\u0142ugi zwi\u0105zane z higien\u0105 i zdrowiem \u0142ap i uszu. Dok\u0142adnie i bezpiecznie przycinamy pazury, aby zapobiec ich nadmiernemu wzrostowi. Dodatkowo, oferujemy czyszczenie uszu, aby zapewni\u0107 czysto\u015b\u0107 i zdrowie Twojego pupila. Je\u015bli posiadasz psa rasowego, nasz salon oferuje specjalistyczne us\u0142ugi groomingowe, kt\u00f3re uwzgl\u0119dniaj\u0105 charakterystyczne cechy i wymagania danej rasy. Posiadamy wiedz\u0119 na temat r\u00f3\u017cnych ras i jeste\u015bmy w stanie zapewni\u0107 odpowiedni\u0105 piel\u0119gnacj\u0119, strzy\u017cenie i stylizacj\u0119, aby Tw\u00f3j pies prezentowa\u0142 si\u0119 zgodnie z standardami rasowymi. Zapraszamy do naszego salonu groomerskiego, gdzie Tw\u00f3j pupil otrzyma najlepsz\u0105 opiek\u0119 i zostanie zadbanym i pi\u0119knie wygl\u0105daj\u0105cym zwierzakiem.<\/p>\n<\/div>\n<\/div>\n\n\n\n<p><\/p>\n","protected":false},"excerpt":{"rendered":"<p>US\u0141UGI W Budce Groomera oferujemy szeroki zakres us\u0142ug, kt\u00f3re pomog\u0105 zadba\u0107 o wygl\u0105d i zdrowie Twojego pupila. Zapewniamy profesjonaln\u0105 opiek\u0119 i komfortowe warunki, aby Tw\u00f3j zwierzak czu\u0142 si\u0119 jak w domu. Oferujemy strzy\u017cenie, trymowanie, czesanie i mycie sier\u015bci, kt\u00f3re pomog\u0105 utrzyma\u0107 j\u0105 w doskona\u0142ej kondycji. Dzi\u0119ki naszym us\u0142ugom Tw\u00f3j zwierzak b\u0119dzie prezentowa\u0142 si\u0119 zadbany i [&hellip;]<\/p>\n","protected":false},"author":1,"featured_media":0,"parent":0,"menu_order":0,"comment_status":"closed","ping_status":"closed","template":"","meta":{"ngg_post_thumbnail":0,"footnotes":""},"_links":{"self":[{"href":"https:\/\/budkagroomera.pl\/index.php\/wp-json\/wp\/v2\/pages\/24"}],"collection":[{"href":"https:\/\/budkagroomera.pl\/index.php\/wp-json\/wp\/v2\/pages"}],"about":[{"href":"https:\/\/budkagroomera.pl\/index.php\/wp-json\/wp\/v2\/types\/page"}],"author":[{"embeddable":true,"href":"https:\/\/budkagroomera.pl\/index.php\/wp-json\/wp\/v2\/users\/1"}],"replies":[{"embeddable":true,"href":"https:\/\/budkagroomera.pl\/index.php\/wp-json\/wp\/v2\/comments?post=24"}],"version-history":[{"count":30,"href":"https:\/\/budkagroomera.pl\/index.php\/wp-json\/wp\/v2\/pages\/24\/revisions"}],"predecessor-version":[{"id":346,"href":"https:\/\/budkagroomera.pl\/index.php\/wp-json\/wp\/v2\/pages\/24\/revisions\/346"}],"wp:attachment":[{"href":"https:\/\/budkagroomera.pl\/index.php\/wp-json\/wp\/v2\/media?parent=24"}],"curies":[{"name":"wp","href":"https:\/\/api.w.org\/{rel}","templated":true}]}}