{"id":244,"date":"2024-01-03T17:18:10","date_gmt":"2024-01-03T16:18:10","guid":{"rendered":"https:\/\/budkagroomera.pl\/?page_id=244"},"modified":"2024-02-20T12:58:36","modified_gmt":"2024-02-20T11:58:36","slug":"pielegnacja-okolic-oczu","status":"publish","type":"page","link":"https:\/\/budkagroomera.pl\/index.php\/pielegnacja-okolic-oczu\/","title":{"rendered":"Piel\u0119gnacja okolic oczu"},"content":{"rendered":"\n<div class=\"wp-block-columns is-layout-flex wp-container-4 wp-block-columns-is-layout-flex\">\n<div class=\"wp-block-column is-layout-flow wp-block-column-is-layout-flow\" style=\"font-style:normal;font-weight:500;flex-basis:33.33%\">\n<div class=\"wp-block-buttons is-layout-flex wp-block-buttons-is-layout-flex\">\n<div class=\"wp-block-button has-custom-width wp-block-button__width-100 has-custom-font-size is-style-fill has-small-font-size\"><a class=\"wp-block-button__link wp-element-button\" href=\"https:\/\/budkagroomera.pl\/index.php\/kapiel-i-pielegnacja-siersci\/\" style=\"border-radius:15px\">K\u0104PIEL I PIEL\u0118GNACJA SIER\u015aCI<\/a><\/div>\n\n\n\n<div class=\"wp-block-button has-custom-width wp-block-button__width-100 has-custom-font-size is-style-fill has-small-font-size\"><a class=\"wp-block-button__link wp-element-button\" href=\"https:\/\/budkagroomera.pl\/index.php\/strzyzenie\/\" style=\"border-radius:15px\">STRZY\u017bENIE PS\u00d3W<\/a><\/div>\n\n\n\n<div class=\"wp-block-button has-custom-width wp-block-button__width-100 has-custom-font-size is-style-fill has-small-font-size\"><a class=\"wp-block-button__link wp-element-button\" href=\"https:\/\/budkagroomera.pl\/index.php\/rozczesywanie-siersci\/\" style=\"border-radius:15px\">ROZCZESYWANIE SIER\u015aCI<\/a><\/div>\n\n\n\n<div class=\"wp-block-button has-custom-width wp-block-button__width-100 has-custom-font-size is-style-fill has-small-font-size\"><a class=\"wp-block-button__link wp-element-button\" href=\"https:\/\/budkagroomera.pl\/index.php\/trymowanie\/\" style=\"border-radius:15px\">TRYMOWANIE<\/a><\/div>\n\n\n\n<div class=\"wp-block-button has-custom-width wp-block-button__width-100 has-custom-font-size is-style-fill has-small-font-size\"><a class=\"wp-block-button__link wp-element-button\" href=\"https:\/\/budkagroomera.pl\/index.php\/pielegnacja-okolic-oczu\/\" style=\"border-radius:15px\">PIEL\u0118GNACJA OKOLIC OCZU<\/a><\/div>\n\n\n\n<div class=\"wp-block-button has-custom-width wp-block-button__width-100 has-custom-font-size is-style-fill has-small-font-size\"><a class=\"wp-block-button__link wp-element-button\" href=\"https:\/\/budkagroomera.pl\/index.php\/czyszczenie-uszu\/\" style=\"border-radius:15px\">CZYSZCZENIE USZU<\/a><\/div>\n\n\n\n<div class=\"wp-block-button has-custom-width wp-block-button__width-100 has-custom-font-size is-style-fill has-small-font-size\"><a class=\"wp-block-button__link wp-element-button\" href=\"https:\/\/budkagroomera.pl\/index.php\/obcinanie-pazurkow\/\" style=\"border-radius:15px\">OBCINANIE PAZUR\u00d3W<\/a><\/div>\n\n\n\n<div class=\"wp-block-button has-custom-width wp-block-button__width-100 has-custom-font-size is-style-fill has-small-font-size\"><a class=\"wp-block-button__link wp-element-button\" href=\"https:\/\/budkagroomera.pl\/index.php\/higiena-okolic-intymnych\/\" style=\"border-radius:15px\">US\u0141UGA EXPRESS<\/a><\/div>\n<\/div>\n<\/div>\n\n\n\n<div class=\"wp-block-column is-layout-flow wp-block-column-is-layout-flow\" style=\"flex-basis:66.66%\">\n<p class=\"has-luminous-vivid-orange-color has-text-color has-medium-font-size\">PIEL\u0118GNACJA OKOLIC OCZU<\/p>\n\n\n\n<p>Czyszczenie oczu rozpoczynamy ju\u017c na etapie k\u0105pieli. Br\u00f3d kt\u00f3ry zalega pod oczkami czy\u015bcimy odpowiednimi kosmetykami. Podczas strzy\u017cenia w\u0142oski pod oczami s\u0105 delikatnie przycinane, a wszystko odbywa si\u0119 delikatnie i ostro\u017cne.<\/p>\n<\/div>\n<\/div>\n\n\n\n<p><\/p>\n","protected":false},"excerpt":{"rendered":"<p>PIEL\u0118GNACJA OKOLIC OCZU Czyszczenie oczu rozpoczynamy ju\u017c na etapie k\u0105pieli. Br\u00f3d kt\u00f3ry zalega pod oczkami czy\u015bcimy odpowiednimi kosmetykami. Podczas strzy\u017cenia w\u0142oski pod oczami s\u0105 delikatnie przycinane, a wszystko odbywa si\u0119 delikatnie i ostro\u017cne.<\/p>\n","protected":false},"author":1,"featured_media":0,"parent":0,"menu_order":0,"comment_status":"closed","ping_status":"closed","template":"","meta":{"ngg_post_thumbnail":0,"footnotes":""},"_links":{"self":[{"href":"https:\/\/budkagroomera.pl\/index.php\/wp-json\/wp\/v2\/pages\/244"}],"collection":[{"href":"https:\/\/budkagroomera.pl\/index.php\/wp-json\/wp\/v2\/pages"}],"about":[{"href":"https:\/\/budkagroomera.pl\/index.php\/wp-json\/wp\/v2\/types\/page"}],"author":[{"embeddable":true,"href":"https:\/\/budkagroomera.pl\/index.php\/wp-json\/wp\/v2\/users\/1"}],"replies":[{"embeddable":true,"href":"https:\/\/budkagroomera.pl\/index.php\/wp-json\/wp\/v2\/comments?post=244"}],"version-history":[{"count":5,"href":"https:\/\/budkagroomera.pl\/index.php\/wp-json\/wp\/v2\/pages\/244\/revisions"}],"predecessor-version":[{"id":339,"href":"https:\/\/budkagroomera.pl\/index.php\/wp-json\/wp\/v2\/pages\/244\/revisions\/339"}],"wp:attachment":[{"href":"https:\/\/budkagroomera.pl\/index.php\/wp-json\/wp\/v2\/media?parent=244"}],"curies":[{"name":"wp","href":"https:\/\/api.w.org\/{rel}","templated":true}]}}