{"id":246,"date":"2024-01-03T17:18:42","date_gmt":"2024-01-03T16:18:42","guid":{"rendered":"https:\/\/budkagroomera.pl\/?page_id=246"},"modified":"2024-02-20T12:57:37","modified_gmt":"2024-02-20T11:57:37","slug":"czyszczenie-uszu","status":"publish","type":"page","link":"https:\/\/budkagroomera.pl\/index.php\/czyszczenie-uszu\/","title":{"rendered":"Czyszczenie uszu"},"content":{"rendered":"\n<div class=\"wp-block-columns is-layout-flex wp-container-4 wp-block-columns-is-layout-flex\">\n<div class=\"wp-block-column is-layout-flow wp-block-column-is-layout-flow\" style=\"font-style:normal;font-weight:500;flex-basis:33.33%\">\n<div class=\"wp-block-buttons is-layout-flex wp-block-buttons-is-layout-flex\">\n<div class=\"wp-block-button has-custom-width wp-block-button__width-100 has-custom-font-size is-style-fill has-small-font-size\"><a class=\"wp-block-button__link wp-element-button\" href=\"https:\/\/budkagroomera.pl\/index.php\/kapiel-i-pielegnacja-siersci\/\" style=\"border-radius:15px\">K\u0104PIEL I PIEL\u0118GNACJA SIER\u015aCI<\/a><\/div>\n\n\n\n<div class=\"wp-block-button has-custom-width wp-block-button__width-100 has-custom-font-size is-style-fill has-small-font-size\"><a class=\"wp-block-button__link wp-element-button\" href=\"https:\/\/budkagroomera.pl\/index.php\/strzyzenie\/\" style=\"border-radius:15px\">STRZY\u017bENIE PS\u00d3W<\/a><\/div>\n\n\n\n<div class=\"wp-block-button has-custom-width wp-block-button__width-100 has-custom-font-size is-style-fill has-small-font-size\"><a class=\"wp-block-button__link wp-element-button\" href=\"https:\/\/budkagroomera.pl\/index.php\/rozczesywanie-siersci\/\" style=\"border-radius:15px\">ROZCZESYWANIE SIER\u015aCI<\/a><\/div>\n\n\n\n<div class=\"wp-block-button has-custom-width wp-block-button__width-100 has-custom-font-size is-style-fill has-small-font-size\"><a class=\"wp-block-button__link wp-element-button\" href=\"https:\/\/budkagroomera.pl\/index.php\/trymowanie\/\" style=\"border-radius:15px\">TRYMOWANIE<\/a><\/div>\n\n\n\n<div class=\"wp-block-button has-custom-width wp-block-button__width-100 has-custom-font-size is-style-fill has-small-font-size\"><a class=\"wp-block-button__link wp-element-button\" href=\"https:\/\/budkagroomera.pl\/index.php\/pielegnacja-okolic-oczu\/\" style=\"border-radius:15px\">PIEL\u0118GNACJA OKOLIC OCZU<\/a><\/div>\n\n\n\n<div class=\"wp-block-button has-custom-width wp-block-button__width-100 has-custom-font-size is-style-fill has-small-font-size\"><a class=\"wp-block-button__link wp-element-button\" href=\"https:\/\/budkagroomera.pl\/index.php\/czyszczenie-uszu\/\" style=\"border-radius:15px\">CZYSZCZENIE USZU<\/a><\/div>\n\n\n\n<div class=\"wp-block-button has-custom-width wp-block-button__width-100 has-custom-font-size is-style-fill has-small-font-size\"><a class=\"wp-block-button__link wp-element-button\" href=\"https:\/\/budkagroomera.pl\/index.php\/obcinanie-pazurkow\/\" style=\"border-radius:15px\">OBCINANIE PAZUR\u00d3W<\/a><\/div>\n\n\n\n<div class=\"wp-block-button has-custom-width wp-block-button__width-100 has-custom-font-size is-style-fill has-small-font-size\"><a class=\"wp-block-button__link wp-element-button\" href=\"https:\/\/budkagroomera.pl\/index.php\/higiena-okolic-intymnych\/\" style=\"border-radius:15px\">US\u0141UGA EXPRESS<\/a><\/div>\n<\/div>\n<\/div>\n\n\n\n<div class=\"wp-block-column is-layout-flow wp-block-column-is-layout-flow\" style=\"flex-basis:66.66%\">\n<p class=\"has-luminous-vivid-orange-color has-text-color has-medium-font-size\">CZYSZCZENIE USZU<\/p>\n\n\n\n<p>Czyszczenie uszu to jeden z najwa\u017cniejszych zabieg\u00f3w higienicznych wykonywanych u Groomera. Polega na usuni\u0119ciu (depilacji) niepotrzebnego ow\u0142osienia w ma\u0142\u017cowinie u ras kt\u00f3re tego wymagaj\u0105 oraz na dok\u0142adnym wyczyszczeniu odpowiednimi preparatami. Uszy psiaka mog\u0105 sta\u0107 si\u0119 siedliskiem dla paso\u017cyt\u00f3w takich jak roztocza uszne, kt\u00f3re prowadz\u0105 do infekcji powoduj\u0105c b\u00f3l i dyskomfort u psa. W naszym Salonie wykonujemy czyszczenie uszu na pro\u015bb\u0119 klienta!<\/p>\n<\/div>\n<\/div>\n\n\n\n<p><\/p>\n","protected":false},"excerpt":{"rendered":"<p>CZYSZCZENIE USZU Czyszczenie uszu to jeden z najwa\u017cniejszych zabieg\u00f3w higienicznych wykonywanych u Groomera. Polega na usuni\u0119ciu (depilacji) niepotrzebnego ow\u0142osienia w ma\u0142\u017cowinie u ras kt\u00f3re tego wymagaj\u0105 oraz na dok\u0142adnym wyczyszczeniu odpowiednimi preparatami. Uszy psiaka mog\u0105 sta\u0107 si\u0119 siedliskiem dla paso\u017cyt\u00f3w takich jak roztocza uszne, kt\u00f3re prowadz\u0105 do infekcji powoduj\u0105c b\u00f3l i dyskomfort u psa. W [&hellip;]<\/p>\n","protected":false},"author":1,"featured_media":0,"parent":0,"menu_order":0,"comment_status":"closed","ping_status":"closed","template":"","meta":{"ngg_post_thumbnail":0,"footnotes":""},"_links":{"self":[{"href":"https:\/\/budkagroomera.pl\/index.php\/wp-json\/wp\/v2\/pages\/246"}],"collection":[{"href":"https:\/\/budkagroomera.pl\/index.php\/wp-json\/wp\/v2\/pages"}],"about":[{"href":"https:\/\/budkagroomera.pl\/index.php\/wp-json\/wp\/v2\/types\/page"}],"author":[{"embeddable":true,"href":"https:\/\/budkagroomera.pl\/index.php\/wp-json\/wp\/v2\/users\/1"}],"replies":[{"embeddable":true,"href":"https:\/\/budkagroomera.pl\/index.php\/wp-json\/wp\/v2\/comments?post=246"}],"version-history":[{"count":5,"href":"https:\/\/budkagroomera.pl\/index.php\/wp-json\/wp\/v2\/pages\/246\/revisions"}],"predecessor-version":[{"id":341,"href":"https:\/\/budkagroomera.pl\/index.php\/wp-json\/wp\/v2\/pages\/246\/revisions\/341"}],"wp:attachment":[{"href":"https:\/\/budkagroomera.pl\/index.php\/wp-json\/wp\/v2\/media?parent=246"}],"curies":[{"name":"wp","href":"https:\/\/api.w.org\/{rel}","templated":true}]}}