{"id":248,"date":"2024-01-03T17:19:12","date_gmt":"2024-01-03T16:19:12","guid":{"rendered":"https:\/\/budkagroomera.pl\/?page_id=248"},"modified":"2024-02-20T12:57:37","modified_gmt":"2024-02-20T11:57:37","slug":"obcinanie-pazurkow","status":"publish","type":"page","link":"https:\/\/budkagroomera.pl\/index.php\/obcinanie-pazurkow\/","title":{"rendered":"Obcinanie pazurk\u00f3w"},"content":{"rendered":"\n<div class=\"wp-block-columns is-layout-flex wp-container-4 wp-block-columns-is-layout-flex\">\n<div class=\"wp-block-column is-layout-flow wp-block-column-is-layout-flow\" style=\"font-style:normal;font-weight:500;flex-basis:33.33%\">\n<div class=\"wp-block-buttons is-layout-flex wp-block-buttons-is-layout-flex\">\n<div class=\"wp-block-button has-custom-width wp-block-button__width-100 has-custom-font-size is-style-fill has-small-font-size\"><a class=\"wp-block-button__link wp-element-button\" href=\"https:\/\/budkagroomera.pl\/index.php\/kapiel-i-pielegnacja-siersci\/\" style=\"border-radius:15px\">K\u0104PIEL I PIEL\u0118GNACJA SIER\u015aCI<\/a><\/div>\n\n\n\n<div class=\"wp-block-button has-custom-width wp-block-button__width-100 has-custom-font-size is-style-fill has-small-font-size\"><a class=\"wp-block-button__link wp-element-button\" href=\"https:\/\/budkagroomera.pl\/index.php\/strzyzenie\/\" style=\"border-radius:15px\">STRZY\u017bENIE PS\u00d3W<\/a><\/div>\n\n\n\n<div class=\"wp-block-button has-custom-width wp-block-button__width-100 has-custom-font-size is-style-fill has-small-font-size\"><a class=\"wp-block-button__link wp-element-button\" href=\"https:\/\/budkagroomera.pl\/index.php\/rozczesywanie-siersci\/\" style=\"border-radius:15px\">ROZCZESYWANIE SIER\u015aCI<\/a><\/div>\n\n\n\n<div class=\"wp-block-button has-custom-width wp-block-button__width-100 has-custom-font-size is-style-fill has-small-font-size\"><a class=\"wp-block-button__link wp-element-button\" href=\"https:\/\/budkagroomera.pl\/index.php\/trymowanie\/\" style=\"border-radius:15px\">TRYMOWANIE<\/a><\/div>\n\n\n\n<div class=\"wp-block-button has-custom-width wp-block-button__width-100 has-custom-font-size is-style-fill has-small-font-size\"><a class=\"wp-block-button__link wp-element-button\" href=\"https:\/\/budkagroomera.pl\/index.php\/pielegnacja-okolic-oczu\/\" style=\"border-radius:15px\">PIEL\u0118GNACJA OKOLIC OCZU<\/a><\/div>\n\n\n\n<div class=\"wp-block-button has-custom-width wp-block-button__width-100 has-custom-font-size is-style-fill has-small-font-size\"><a class=\"wp-block-button__link wp-element-button\" href=\"https:\/\/budkagroomera.pl\/index.php\/czyszczenie-uszu\/\" style=\"border-radius:15px\">CZYSZCZENIE USZU<\/a><\/div>\n\n\n\n<div class=\"wp-block-button has-custom-width wp-block-button__width-100 has-custom-font-size is-style-fill has-small-font-size\"><a class=\"wp-block-button__link wp-element-button\" href=\"https:\/\/budkagroomera.pl\/index.php\/obcinanie-pazurkow\/\" style=\"border-radius:15px\">OBCINANIE PAZUR\u00d3W<\/a><\/div>\n\n\n\n<div class=\"wp-block-button has-custom-width wp-block-button__width-100 has-custom-font-size is-style-fill has-small-font-size\"><a class=\"wp-block-button__link wp-element-button\" href=\"https:\/\/budkagroomera.pl\/index.php\/higiena-okolic-intymnych\/\" style=\"border-radius:15px\">US\u0141UGA EXPRESS<\/a><\/div>\n<\/div>\n<\/div>\n\n\n\n<div class=\"wp-block-column is-layout-flow wp-block-column-is-layout-flow\" style=\"flex-basis:66.66%\">\n<p class=\"has-luminous-vivid-orange-color has-text-color has-medium-font-size\">OBCINANIE PAZUR\u00d3W<\/p>\n\n\n\n<p>Obcinanie pazurk\u00f3w u psiaka jest bardzo wa\u017cnym elementem piel\u0119gnacji. U ka\u017cdego psiaka mog\u0105 one odrasta\u0107 w innym tempie wi\u0119c trzeba indywidualnie je kontrolowa\u0107. Przero\u015bni\u0119te pazurki przynosz\u0105 pupilowi du\u017co b\u00f3lu podczas poruszania si\u0119 i mog\u0105 uniemo\u017cliwi\u0107 prawid\u0142owe stawianie \u0142apek.<\/p>\n<\/div>\n<\/div>\n\n\n\n<p><\/p>\n","protected":false},"excerpt":{"rendered":"<p>OBCINANIE PAZUR\u00d3W Obcinanie pazurk\u00f3w u psiaka jest bardzo wa\u017cnym elementem piel\u0119gnacji. U ka\u017cdego psiaka mog\u0105 one odrasta\u0107 w innym tempie wi\u0119c trzeba indywidualnie je kontrolowa\u0107. Przero\u015bni\u0119te pazurki przynosz\u0105 pupilowi du\u017co b\u00f3lu podczas poruszania si\u0119 i mog\u0105 uniemo\u017cliwi\u0107 prawid\u0142owe stawianie \u0142apek.<\/p>\n","protected":false},"author":1,"featured_media":0,"parent":0,"menu_order":0,"comment_status":"closed","ping_status":"closed","template":"","meta":{"ngg_post_thumbnail":0,"footnotes":""},"_links":{"self":[{"href":"https:\/\/budkagroomera.pl\/index.php\/wp-json\/wp\/v2\/pages\/248"}],"collection":[{"href":"https:\/\/budkagroomera.pl\/index.php\/wp-json\/wp\/v2\/pages"}],"about":[{"href":"https:\/\/budkagroomera.pl\/index.php\/wp-json\/wp\/v2\/types\/page"}],"author":[{"embeddable":true,"href":"https:\/\/budkagroomera.pl\/index.php\/wp-json\/wp\/v2\/users\/1"}],"replies":[{"embeddable":true,"href":"https:\/\/budkagroomera.pl\/index.php\/wp-json\/wp\/v2\/comments?post=248"}],"version-history":[{"count":2,"href":"https:\/\/budkagroomera.pl\/index.php\/wp-json\/wp\/v2\/pages\/248\/revisions"}],"predecessor-version":[{"id":342,"href":"https:\/\/budkagroomera.pl\/index.php\/wp-json\/wp\/v2\/pages\/248\/revisions\/342"}],"wp:attachment":[{"href":"https:\/\/budkagroomera.pl\/index.php\/wp-json\/wp\/v2\/media?parent=248"}],"curies":[{"name":"wp","href":"https:\/\/api.w.org\/{rel}","templated":true}]}}