{"id":5,"date":"2023-10-10T22:28:37","date_gmt":"2023-10-10T20:28:37","guid":{"rendered":"https:\/\/budkagroomera.pl\/?page_id=5"},"modified":"2024-01-26T12:41:14","modified_gmt":"2024-01-26T11:41:14","slug":"home","status":"publish","type":"page","link":"https:\/\/budkagroomera.pl\/","title":{"rendered":"Strona G\u0142\u00f3wna"},"content":{"rendered":"\n<div class=\"wp-block-group alignwide is-nowrap is-layout-flex wp-container-5 wp-block-group-is-layout-flex\">\n<div class=\"wp-block-group alignwide is-nowrap is-layout-flex wp-container-4 wp-block-group-is-layout-flex\">\n<div class=\"wp-block-columns alignwide are-vertically-aligned-center is-layout-flex wp-container-3 wp-block-columns-is-layout-flex\">\n<div class=\"wp-block-column is-vertically-aligned-center is-layout-flow wp-block-column-is-layout-flow\" style=\"flex-basis:15%\">\n<figure class=\"wp-block-image size-full is-resized is-style-rounded\"><img fetchpriority=\"high\" decoding=\"async\" width=\"2136\" height=\"2888\" src=\"https:\/\/budkagroomera.pl\/wp-content\/uploads\/2023\/11\/love-1.png\" alt=\"\" class=\"wp-image-138\" style=\"aspect-ratio:1;object-fit:cover;width:248px;height:auto\" srcset=\"https:\/\/budkagroomera.pl\/wp-content\/uploads\/2023\/11\/love-1.png 2136w, https:\/\/budkagroomera.pl\/wp-content\/uploads\/2023\/11\/love-1-222x300.png 222w, https:\/\/budkagroomera.pl\/wp-content\/uploads\/2023\/11\/love-1-757x1024.png 757w, https:\/\/budkagroomera.pl\/wp-content\/uploads\/2023\/11\/love-1-768x1038.png 768w, https:\/\/budkagroomera.pl\/wp-content\/uploads\/2023\/11\/love-1-1136x1536.png 1136w, https:\/\/budkagroomera.pl\/wp-content\/uploads\/2023\/11\/love-1-1515x2048.png 1515w\" sizes=\"(max-width: 2136px) 100vw, 2136px\" \/><\/figure>\n<\/div>\n\n\n\n<div class=\"wp-block-column is-vertically-aligned-center is-layout-flow wp-block-column-is-layout-flow\" style=\"flex-basis:85%\">\n<p><strong><em>&#8222;Wybierz prac\u0119, kt\u00f3r\u0105 kochasz a nie przepracujesz ani jednego dnia wi\u0119cej w Twoim \u017cyciu.&#8221;<\/em><\/strong> &#8211; od tego cytatu Konfucjusza rozpocz\u0119\u0142am dyskusj\u0119 z sam\u0105 sob\u0105 o tym co bym chcia\u0142a robi\u0107 w \u017cyciu. Bardzo szybko dosz\u0142am do wniosku, \u017ce kocham zwierzaki i s\u0105 one nieroz\u0142\u0105czn\u0105 cz\u0119\u015bci\u0105 mojego \u017cycia. Tym sposobem w 2020 roku powsta\u0142a Budka Groomera. Ci\u0105g\u0142a ch\u0119\u0107 rozwoju i samodoskonalenia ci\u0105gle pcha mnie do przodu a czworono\u017cni przyjaciele s\u0105 moim motorem nap\u0119dowym.<br><\/p>\n<\/div>\n<\/div>\n<\/div>\n<\/div>\n\n\n<div class=\"ti-widget ti-goog\" data-layout-id=\"36\" data-set-id=\"soft\" data-pid=\"b5167179c03e50ec942cb\" data-pager-autoplay-timeout=\"6\" data-review-target-width=\"300\" > <div class=\"ti-widget-container ti-col-3\"> <div class=\"ti-reviews-container\"> <div class=\"ti-controls\"> <div class=\"ti-next\"><\/div> <div class=\"ti-prev\"><\/div> <\/div> <div class=\"ti-reviews-container-wrapper\">  <div data-empty=\"0\" class=\"ti-review-item source-Google\" > <div class=\"ti-inner\"> <div class=\"ti-review-header\"> <div class=\"ti-profile-img\"> <img src=\"https:\/\/lh3.googleusercontent.com\/a\/ACg8ocIMaYuD6UNpMr96ff6-2cE4hUQVFB4RLtytx7HxEedf=s120-c-rp-mo-br100\" alt=\"Tomasz Dybek\" \/> <\/div> <div class=\"ti-profile-details\"> <div class=\"ti-name\"> Tomasz Dybek <\/div> <div class=\"ti-date\">2024-01-16<\/div> <\/div> <\/div> <span class=\"ti-stars\"><span class=\"ti-star f\"><\/span><span class=\"ti-star f\"><\/span><span class=\"ti-star f\"><\/span><span class=\"ti-star f\"><\/span><span class=\"ti-star f\"><\/span><\/span> <div class=\"ti-review-content\"><!-- R-CONTENT -->\u015awietna groomerka. Genialne podej\u015bcie do zwierz\u0105t, niezwykle profesjonalna, sypie fryzurami jak z r\u0119kawa, zawsze jest w stanie zaproponowa\u0107 co\u015b nowego\/innego.<!-- R-CONTENT --><\/div> <span class=\"ti-read-more\" data-container=\".ti-review-content\" data-collapse-text=\"Ukryj\" data-open-text=\"Czytaj wi\u0119cej\"><\/span> <\/div> <\/div>  <div data-empty=\"0\" class=\"ti-review-item source-Google\" > <div class=\"ti-inner\"> <div class=\"ti-review-header\"> <div class=\"ti-profile-img\"> <img src=\"https:\/\/lh3.googleusercontent.com\/a\/ACg8ocJCk32J59NtfW6cgLYHmwFq25cgLY5MSjjlHAerEmni=s120-c-rp-mo-br100\" alt=\"Anna Banach\" \/> <\/div> <div class=\"ti-profile-details\"> <div class=\"ti-name\"> Anna Banach <\/div> <div class=\"ti-date\">2024-01-10<\/div> <\/div> <\/div> <span class=\"ti-stars\"><span class=\"ti-star f\"><\/span><span class=\"ti-star f\"><\/span><span class=\"ti-star f\"><\/span><span class=\"ti-star f\"><\/span><span class=\"ti-star f\"><\/span><\/span> <div class=\"ti-review-content\"><!-- R-CONTENT -->Jestem absolutnie zachwycona us\u0142ugami Pani Groomer! To niezwyk\u0142a profesjonalistka, kt\u00f3rej umiej\u0119tno\u015bci i troska o mojego czworono\u017cnego przyjaciela zas\u0142uguj\u0105 na najwy\u017csze pochwa\u0142y.\n\nPani Groomer nie tylko wykazuje si\u0119 doskona\u0142\u0105 wiedz\u0105 z zakresu piel\u0119gnacji zwierz\u0105t, ale r\u00f3wnie\u017c ma niesamowity dar do nawi\u0105zywania relacji z pieskami.  Zawsze dba o to, aby m\u00f3j piesek czu\u0142 si\u0119 komfortowo i bezpiecznie podczas ca\u0142ego procesu piel\u0119gnacji.\n\nPonadto, Pani Ola jest niezwykle elastyczna i dostosowuje si\u0119 do moich  indywidualnych potrzeb. Korzystanie z jej us\u0142ug to czysta przyjemno\u015b\u0107.\n\nGor\u0105co polecam Pani\u0105 Ol\u0119 ka\u017cdemu, kto poszukuje nie tylko doskona\u0142ej piel\u0119gnacji dla swojego zwierzaka, ale tak\u017ce autentycznego zrozumienia i mi\u0142o\u015bci do zwierz\u0105t. To bez w\u0105tpienia najlepsza Pani Groomer jak\u0105 mia\u0142am okazj\u0119 pozna\u0107.<!-- R-CONTENT --><\/div> <span class=\"ti-read-more\" data-container=\".ti-review-content\" data-collapse-text=\"Ukryj\" data-open-text=\"Czytaj wi\u0119cej\"><\/span> <\/div> <\/div>  <div data-empty=\"0\" class=\"ti-review-item source-Google\" > <div class=\"ti-inner\"> <div class=\"ti-review-header\"> <div class=\"ti-profile-img\"> <img src=\"https:\/\/lh3.googleusercontent.com\/a\/ACg8ocLSAlmwiTWEdDwnGhCiznNHUB2idlBK-omZN7Om-7Ux=s120-c-rp-mo-br100\" alt=\"Tomek Krzak\" \/> <\/div> <div class=\"ti-profile-details\"> <div class=\"ti-name\"> Tomek Krzak <\/div> <div class=\"ti-date\">2024-01-09<\/div> <\/div> <\/div> <span class=\"ti-stars\"><span class=\"ti-star f\"><\/span><span class=\"ti-star f\"><\/span><span class=\"ti-star f\"><\/span><span class=\"ti-star f\"><\/span><span class=\"ti-star f\"><\/span><\/span> <div class=\"ti-review-content\"><!-- R-CONTENT -->Polecam z czystym sumieniem. Profesjonalne podej\u015bcie.<!-- R-CONTENT --><\/div> <span class=\"ti-read-more\" data-container=\".ti-review-content\" data-collapse-text=\"Ukryj\" data-open-text=\"Czytaj wi\u0119cej\"><\/span> <\/div> <\/div>  <div data-empty=\"0\" class=\"ti-review-item source-Google\" > <div class=\"ti-inner\"> <div class=\"ti-review-header\"> <div class=\"ti-profile-img\"> <img src=\"https:\/\/lh3.googleusercontent.com\/a\/ACg8ocItE3pxBbYKbJxUQ62bPJ6PYFkMJh2TSiQ7MoqJQtQ7=s120-c-rp-mo-br100\" alt=\"Anna Baron\" \/> <\/div> <div class=\"ti-profile-details\"> <div class=\"ti-name\"> Anna Baron <\/div> <div class=\"ti-date\">2023-12-22<\/div> <\/div> <\/div> <span class=\"ti-stars\"><span class=\"ti-star f\"><\/span><span class=\"ti-star f\"><\/span><span class=\"ti-star f\"><\/span><span class=\"ti-star f\"><\/span><span class=\"ti-star f\"><\/span><\/span> <div class=\"ti-review-content\"><!-- R-CONTENT -->Bardzo mi\u0142a, sympatyczna groomerka. Nie jest jej straszny \u017caden piesek. Troszczy si\u0119 o psiaki. Bardzo polecam!<!-- R-CONTENT --><\/div> <span class=\"ti-read-more\" data-container=\".ti-review-content\" data-collapse-text=\"Ukryj\" data-open-text=\"Czytaj wi\u0119cej\"><\/span> <\/div> <\/div>  <div data-empty=\"0\" class=\"ti-review-item source-Google\" > <div class=\"ti-inner\"> <div class=\"ti-review-header\"> <div class=\"ti-profile-img\"> <img src=\"https:\/\/lh3.googleusercontent.com\/a-\/ALV-UjUnPsaBBZOY4qXNeQMOSmQ1VWn04m6YITNf5UiDCyFZCS8=s120-c-rp-mo-br100\" alt=\"Patrycja P\" \/> <\/div> <div class=\"ti-profile-details\"> <div class=\"ti-name\"> Patrycja P <\/div> <div class=\"ti-date\">2023-12-08<\/div> <\/div> <\/div> <span class=\"ti-stars\"><span class=\"ti-star f\"><\/span><span class=\"ti-star f\"><\/span><span class=\"ti-star f\"><\/span><span class=\"ti-star f\"><\/span><span class=\"ti-star f\"><\/span><\/span> <div class=\"ti-review-content\"><!-- R-CONTENT -->Najlepsza,najmilsza i profesjonalna Groomerka w okolicy! Nie straszny jej \u017caden piese\u0142,podej\u015bcie \u015bwiadome i indywidualne, szeroki zakres us\u0142ug. Polecam z ca\u0142ego serducha! \ud83d\ude42<!-- R-CONTENT --><\/div> <span class=\"ti-read-more\" data-container=\".ti-review-content\" data-collapse-text=\"Ukryj\" data-open-text=\"Czytaj wi\u0119cej\"><\/span> <\/div> <\/div>  <div data-empty=\"0\" class=\"ti-review-item source-Google\" > <div class=\"ti-inner\"> <div class=\"ti-review-header\"> <div class=\"ti-profile-img\"> <img src=\"https:\/\/lh3.googleusercontent.com\/a\/ACg8ocKAb6pExGipRfLZkIfWXQ4dsNJPP7ZaSmWPetGOukkX=s120-c-rp-mo-br100\" alt=\"Angelika C\u0119drowska\" \/> <\/div> <div class=\"ti-profile-details\"> <div class=\"ti-name\"> Angelika C\u0119drowska <\/div> <div class=\"ti-date\">2023-12-05<\/div> <\/div> <\/div> <span class=\"ti-stars\"><span class=\"ti-star f\"><\/span><span class=\"ti-star f\"><\/span><span class=\"ti-star f\"><\/span><span class=\"ti-star f\"><\/span><span class=\"ti-star f\"><\/span><\/span> <div class=\"ti-review-content\"><!-- R-CONTENT -->To co ta kobieta zrobi\u0142a z moim psem !!!! W ko\u0144cu kocha by\u0107 obcinana i w ko\u0144cu wyglada pi\u0119knie !!! Nie jest obcinana na \u0142yso !!! Kochamy Pani\u0105 Ol\u0119<!-- R-CONTENT --><\/div> <span class=\"ti-read-more\" data-container=\".ti-review-content\" data-collapse-text=\"Ukryj\" data-open-text=\"Czytaj wi\u0119cej\"><\/span> <\/div> <\/div>  <div data-empty=\"0\" class=\"ti-review-item source-Google\" > <div class=\"ti-inner\"> <div class=\"ti-review-header\"> <div class=\"ti-profile-img\"> <img src=\"https:\/\/lh3.googleusercontent.com\/a\/ACg8ocKn7geqJL2k1dfOdP71Cw3tsuT_IZfffZXH9njh8cci=s120-c-rp-mo-br100\" alt=\"olciulek5\" \/> <\/div> <div class=\"ti-profile-details\"> <div class=\"ti-name\"> olciulek5 <\/div> <div class=\"ti-date\">2023-11-10<\/div> <\/div> <\/div> <span class=\"ti-stars\"><span class=\"ti-star f\"><\/span><span class=\"ti-star f\"><\/span><span class=\"ti-star f\"><\/span><span class=\"ti-star f\"><\/span><span class=\"ti-star f\"><\/span><\/span> <div class=\"ti-review-content\"><!-- R-CONTENT -->Polecam! Synu\u015b wyszed\u0142 od Pani Oli zadowolony, my tak\u017ce zadowoleni z pracy w\u0142o\u017conej w piel\u0119gnacje psa. Na pewno nied\u0142ugo wr\u00f3cimy! Serdecznie polecam!<!-- R-CONTENT --><\/div> <span class=\"ti-read-more\" data-container=\".ti-review-content\" data-collapse-text=\"Ukryj\" data-open-text=\"Czytaj wi\u0119cej\"><\/span> <\/div> <\/div>  <div data-empty=\"0\" class=\"ti-review-item source-Google\" > <div class=\"ti-inner\"> <div class=\"ti-review-header\"> <div class=\"ti-profile-img\"> <img src=\"https:\/\/lh3.googleusercontent.com\/a-\/ALV-UjUsguEtmLFzJO9qlmyvvMGlxptiETG6iZ6y12HsT1x0dBA=s120-c-rp-mo-br100\" alt=\"Oksana Lamkova\" \/> <\/div> <div class=\"ti-profile-details\"> <div class=\"ti-name\"> Oksana Lamkova <\/div> <div class=\"ti-date\">2023-10-22<\/div> <\/div> <\/div> <span class=\"ti-stars\"><span class=\"ti-star f\"><\/span><span class=\"ti-star f\"><\/span><span class=\"ti-star f\"><\/span><span class=\"ti-star f\"><\/span><span class=\"ti-star f\"><\/span><\/span> <div class=\"ti-review-content\"><!-- R-CONTENT -->Najlepszy GRUMER w Wieluniu i nie tylko ! Super podej\u015bcie do zwierz\u0105t ! Kocha to co robi\u0119 ! Dzi\u0119kuje ci bardzo za ZAWSZE pi\u0119knie obci\u0119tego Waki !!!!! \ud83d\ude18\ud83d\ude18\ud83d\ude18\ud83d\ude18\ud83d\ude18<!-- R-CONTENT --><\/div> <span class=\"ti-read-more\" data-container=\".ti-review-content\" data-collapse-text=\"Ukryj\" data-open-text=\"Czytaj wi\u0119cej\"><\/span> <\/div> <\/div>  <div data-empty=\"0\" class=\"ti-review-item source-Google\" > <div class=\"ti-inner\"> <div class=\"ti-review-header\"> <div class=\"ti-profile-img\"> <img src=\"https:\/\/lh3.googleusercontent.com\/a\/ACg8ocKJO7krZQAAysvBtch6StB1oqmFAjxInx_XE1ZoRNaq=s120-c-rp-mo-br100\" alt=\"Irena Marks-Ziarkowska\" \/> <\/div> <div class=\"ti-profile-details\"> <div class=\"ti-name\"> Irena Marks-Ziarkowska <\/div> <div class=\"ti-date\">2023-10-17<\/div> <\/div> <\/div> <span class=\"ti-stars\"><span class=\"ti-star f\"><\/span><span class=\"ti-star f\"><\/span><span class=\"ti-star f\"><\/span><span class=\"ti-star f\"><\/span><span class=\"ti-star f\"><\/span><\/span> <div class=\"ti-review-content\"><!-- R-CONTENT -->Profesjonalizm i przemi\u0142a atmosfera!<!-- R-CONTENT --><\/div> <span class=\"ti-read-more\" data-container=\".ti-review-content\" data-collapse-text=\"Ukryj\" data-open-text=\"Czytaj wi\u0119cej\"><\/span> <\/div> <\/div>  <\/div> <div class=\"ti-controls-line\"> <div class=\"dot\"><\/div> <\/div> <\/div>   <\/div> <\/div>\n\n\n\n<p class=\"has-text-align-center\">Nasza praca: <\/p>\n\n\n\n\n\n<div class=\"ngg-galleryoverview ngg-slideshow\"\n\t id=\"ngg-slideshow-0c17dd19825e7e9f3dbcdcc52d5e4dd6-5477014380\"\n     data-gallery-id=\"0c17dd19825e7e9f3dbcdcc52d5e4dd6\"\n     style=\"max-width: 750px; max-height: 500px;\">\n\n \t<div id=\"ngg-image-0\" class=\"ngg-gallery-slideshow-image\" style=\"height:500px\">\n\n        <a href=\"https:\/\/budkagroomera.pl\/wp-content\/gallery\/work\/341126449_6234929806566722_9219184183081223226_n.jpg\"\n           title=\"\"\n           data-src=\"https:\/\/budkagroomera.pl\/wp-content\/gallery\/work\/341126449_6234929806566722_9219184183081223226_n.jpg\"\n           data-thumbnail=\"https:\/\/budkagroomera.pl\/wp-content\/gallery\/work\/thumbs\/thumbs_341126449_6234929806566722_9219184183081223226_n.jpg\"\n           data-image-id=\"1\"\n           data-title=\"341126449_6234929806566722_9219184183081223226_n\"\n           data-description=\"\"\n           class=\"ngg-simplelightbox\" rel=\"0c17dd19825e7e9f3dbcdcc52d5e4dd6\">\n\n            <img data-image-id='1'\n                 title=\"\"\n                 alt=\"341126449_6234929806566722_9219184183081223226_n\"\n                 src=\"https:\/\/budkagroomera.pl\/wp-content\/gallery\/work\/341126449_6234929806566722_9219184183081223226_n.jpg\"\n                 style=\"max-height: 480px;\"\/>\n        <\/a>\n\n        <\/div> \n<div id=\"ngg-image-1\" class=\"ngg-gallery-slideshow-image\" style=\"height:500px\">\n\n        <a href=\"https:\/\/budkagroomera.pl\/wp-content\/gallery\/work\/334083107_615879896664865_913894761929995380_n.jpg\"\n           title=\"\"\n           data-src=\"https:\/\/budkagroomera.pl\/wp-content\/gallery\/work\/334083107_615879896664865_913894761929995380_n.jpg\"\n           data-thumbnail=\"https:\/\/budkagroomera.pl\/wp-content\/gallery\/work\/thumbs\/thumbs_334083107_615879896664865_913894761929995380_n.jpg\"\n           data-image-id=\"2\"\n           data-title=\"334083107_615879896664865_913894761929995380_n\"\n           data-description=\"\"\n           class=\"ngg-simplelightbox\" rel=\"0c17dd19825e7e9f3dbcdcc52d5e4dd6\">\n\n            <img data-image-id='2'\n                 title=\"\"\n                 alt=\"334083107_615879896664865_913894761929995380_n\"\n                 src=\"https:\/\/budkagroomera.pl\/wp-content\/gallery\/work\/334083107_615879896664865_913894761929995380_n.jpg\"\n                 style=\"max-height: 480px;\"\/>\n        <\/a>\n\n        <\/div> \n<div id=\"ngg-image-2\" class=\"ngg-gallery-slideshow-image\" style=\"height:500px\">\n\n        <a href=\"https:\/\/budkagroomera.pl\/wp-content\/gallery\/work\/399892989_926890302203672_6681491491170197540_n.jpg\"\n           title=\"\"\n           data-src=\"https:\/\/budkagroomera.pl\/wp-content\/gallery\/work\/399892989_926890302203672_6681491491170197540_n.jpg\"\n           data-thumbnail=\"https:\/\/budkagroomera.pl\/wp-content\/gallery\/work\/thumbs\/thumbs_399892989_926890302203672_6681491491170197540_n.jpg\"\n           data-image-id=\"3\"\n           data-title=\"399892989_926890302203672_6681491491170197540_n\"\n           data-description=\"\"\n           class=\"ngg-simplelightbox\" rel=\"0c17dd19825e7e9f3dbcdcc52d5e4dd6\">\n\n            <img data-image-id='3'\n                 title=\"\"\n                 alt=\"399892989_926890302203672_6681491491170197540_n\"\n                 src=\"https:\/\/budkagroomera.pl\/wp-content\/gallery\/work\/399892989_926890302203672_6681491491170197540_n.jpg\"\n                 style=\"max-height: 480px;\"\/>\n        <\/a>\n\n        <\/div> \n<div id=\"ngg-image-3\" class=\"ngg-gallery-slideshow-image\" style=\"height:500px\">\n\n        <a href=\"https:\/\/budkagroomera.pl\/wp-content\/gallery\/work\/346809255_154449950833701_6365435142471217690_n.jpg\"\n           title=\"\"\n           data-src=\"https:\/\/budkagroomera.pl\/wp-content\/gallery\/work\/346809255_154449950833701_6365435142471217690_n.jpg\"\n           data-thumbnail=\"https:\/\/budkagroomera.pl\/wp-content\/gallery\/work\/thumbs\/thumbs_346809255_154449950833701_6365435142471217690_n.jpg\"\n           data-image-id=\"4\"\n           data-title=\"346809255_154449950833701_6365435142471217690_n\"\n           data-description=\"\"\n           class=\"ngg-simplelightbox\" rel=\"0c17dd19825e7e9f3dbcdcc52d5e4dd6\">\n\n            <img data-image-id='4'\n                 title=\"\"\n                 alt=\"346809255_154449950833701_6365435142471217690_n\"\n                 src=\"https:\/\/budkagroomera.pl\/wp-content\/gallery\/work\/346809255_154449950833701_6365435142471217690_n.jpg\"\n                 style=\"max-height: 480px;\"\/>\n        <\/a>\n\n        <\/div> \n<div id=\"ngg-image-4\" class=\"ngg-gallery-slideshow-image\" style=\"height:500px\">\n\n        <a href=\"https:\/\/budkagroomera.pl\/wp-content\/gallery\/work\/344573252_1311543449560240_3082537213629589229_n.jpg\"\n           title=\"\"\n           data-src=\"https:\/\/budkagroomera.pl\/wp-content\/gallery\/work\/344573252_1311543449560240_3082537213629589229_n.jpg\"\n           data-thumbnail=\"https:\/\/budkagroomera.pl\/wp-content\/gallery\/work\/thumbs\/thumbs_344573252_1311543449560240_3082537213629589229_n.jpg\"\n           data-image-id=\"5\"\n           data-title=\"344573252_1311543449560240_3082537213629589229_n\"\n           data-description=\"\"\n           class=\"ngg-simplelightbox\" rel=\"0c17dd19825e7e9f3dbcdcc52d5e4dd6\">\n\n            <img data-image-id='5'\n                 title=\"\"\n                 alt=\"344573252_1311543449560240_3082537213629589229_n\"\n                 src=\"https:\/\/budkagroomera.pl\/wp-content\/gallery\/work\/344573252_1311543449560240_3082537213629589229_n.jpg\"\n                 style=\"max-height: 480px;\"\/>\n        <\/a>\n\n        <\/div> \n<div id=\"ngg-image-5\" class=\"ngg-gallery-slideshow-image\" style=\"height:500px\">\n\n        <a href=\"https:\/\/budkagroomera.pl\/wp-content\/gallery\/work\/350534723_833244528234917_2612262489954727176_n.jpg\"\n           title=\"\"\n           data-src=\"https:\/\/budkagroomera.pl\/wp-content\/gallery\/work\/350534723_833244528234917_2612262489954727176_n.jpg\"\n           data-thumbnail=\"https:\/\/budkagroomera.pl\/wp-content\/gallery\/work\/thumbs\/thumbs_350534723_833244528234917_2612262489954727176_n.jpg\"\n           data-image-id=\"6\"\n           data-title=\"350534723_833244528234917_2612262489954727176_n\"\n           data-description=\"\"\n           class=\"ngg-simplelightbox\" rel=\"0c17dd19825e7e9f3dbcdcc52d5e4dd6\">\n\n            <img data-image-id='6'\n                 title=\"\"\n                 alt=\"350534723_833244528234917_2612262489954727176_n\"\n                 src=\"https:\/\/budkagroomera.pl\/wp-content\/gallery\/work\/350534723_833244528234917_2612262489954727176_n.jpg\"\n                 style=\"max-height: 480px;\"\/>\n        <\/a>\n\n        <\/div> \n<div id=\"ngg-image-6\" class=\"ngg-gallery-slideshow-image\" style=\"height:500px\">\n\n        <a href=\"https:\/\/budkagroomera.pl\/wp-content\/gallery\/work\/356406054_848674163358620_297342002063617767_n.jpg\"\n           title=\"\"\n           data-src=\"https:\/\/budkagroomera.pl\/wp-content\/gallery\/work\/356406054_848674163358620_297342002063617767_n.jpg\"\n           data-thumbnail=\"https:\/\/budkagroomera.pl\/wp-content\/gallery\/work\/thumbs\/thumbs_356406054_848674163358620_297342002063617767_n.jpg\"\n           data-image-id=\"7\"\n           data-title=\"356406054_848674163358620_297342002063617767_n\"\n           data-description=\"\"\n           class=\"ngg-simplelightbox\" rel=\"0c17dd19825e7e9f3dbcdcc52d5e4dd6\">\n\n            <img data-image-id='7'\n                 title=\"\"\n                 alt=\"356406054_848674163358620_297342002063617767_n\"\n                 src=\"https:\/\/budkagroomera.pl\/wp-content\/gallery\/work\/356406054_848674163358620_297342002063617767_n.jpg\"\n                 style=\"max-height: 480px;\"\/>\n        <\/a>\n\n        <\/div> \n<div id=\"ngg-image-7\" class=\"ngg-gallery-slideshow-image\" style=\"height:500px\">\n\n        <a href=\"https:\/\/budkagroomera.pl\/wp-content\/gallery\/work\/365716657_867809421445094_104695054501219349_n.jpg\"\n           title=\"\"\n           data-src=\"https:\/\/budkagroomera.pl\/wp-content\/gallery\/work\/365716657_867809421445094_104695054501219349_n.jpg\"\n           data-thumbnail=\"https:\/\/budkagroomera.pl\/wp-content\/gallery\/work\/thumbs\/thumbs_365716657_867809421445094_104695054501219349_n.jpg\"\n           data-image-id=\"8\"\n           data-title=\"365716657_867809421445094_104695054501219349_n\"\n           data-description=\"\"\n           class=\"ngg-simplelightbox\" rel=\"0c17dd19825e7e9f3dbcdcc52d5e4dd6\">\n\n            <img data-image-id='8'\n                 title=\"\"\n                 alt=\"365716657_867809421445094_104695054501219349_n\"\n                 src=\"https:\/\/budkagroomera.pl\/wp-content\/gallery\/work\/365716657_867809421445094_104695054501219349_n.jpg\"\n                 style=\"max-height: 480px;\"\/>\n        <\/a>\n\n        <\/div> \n<div id=\"ngg-image-8\" class=\"ngg-gallery-slideshow-image\" style=\"height:500px\">\n\n        <a href=\"https:\/\/budkagroomera.pl\/wp-content\/gallery\/work\/380058326_896549695237733_8525890214210441581_n.jpg\"\n           title=\"\"\n           data-src=\"https:\/\/budkagroomera.pl\/wp-content\/gallery\/work\/380058326_896549695237733_8525890214210441581_n.jpg\"\n           data-thumbnail=\"https:\/\/budkagroomera.pl\/wp-content\/gallery\/work\/thumbs\/thumbs_380058326_896549695237733_8525890214210441581_n.jpg\"\n           data-image-id=\"9\"\n           data-title=\"380058326_896549695237733_8525890214210441581_n\"\n           data-description=\"\"\n           class=\"ngg-simplelightbox\" rel=\"0c17dd19825e7e9f3dbcdcc52d5e4dd6\">\n\n            <img data-image-id='9'\n                 title=\"\"\n                 alt=\"380058326_896549695237733_8525890214210441581_n\"\n                 src=\"https:\/\/budkagroomera.pl\/wp-content\/gallery\/work\/380058326_896549695237733_8525890214210441581_n.jpg\"\n                 style=\"max-height: 480px;\"\/>\n        <\/a>\n\n        <\/div> \n<div id=\"ngg-image-9\" class=\"ngg-gallery-slideshow-image\" style=\"height:500px\">\n\n        <a href=\"https:\/\/budkagroomera.pl\/wp-content\/gallery\/work\/381665092_899658014926901_6968873602799180229_n.jpg\"\n           title=\"\"\n           data-src=\"https:\/\/budkagroomera.pl\/wp-content\/gallery\/work\/381665092_899658014926901_6968873602799180229_n.jpg\"\n           data-thumbnail=\"https:\/\/budkagroomera.pl\/wp-content\/gallery\/work\/thumbs\/thumbs_381665092_899658014926901_6968873602799180229_n.jpg\"\n           data-image-id=\"10\"\n           data-title=\"381665092_899658014926901_6968873602799180229_n\"\n           data-description=\"\"\n           class=\"ngg-simplelightbox\" rel=\"0c17dd19825e7e9f3dbcdcc52d5e4dd6\">\n\n            <img data-image-id='10'\n                 title=\"\"\n                 alt=\"381665092_899658014926901_6968873602799180229_n\"\n                 src=\"https:\/\/budkagroomera.pl\/wp-content\/gallery\/work\/381665092_899658014926901_6968873602799180229_n.jpg\"\n                 style=\"max-height: 480px;\"\/>\n        <\/a>\n\n        <\/div> \n<\/div>\n\n\n\n\n","protected":false},"excerpt":{"rendered":"<p>&#8222;Wybierz prac\u0119, kt\u00f3r\u0105 kochasz a nie przepracujesz ani jednego dnia wi\u0119cej w Twoim \u017cyciu.&#8221; &#8211; od tego cytatu Konfucjusza rozpocz\u0119\u0142am dyskusj\u0119 z sam\u0105 sob\u0105 o tym co bym chcia\u0142a robi\u0107 w \u017cyciu. Bardzo szybko dosz\u0142am do wniosku, \u017ce kocham zwierzaki i s\u0105 one nieroz\u0142\u0105czn\u0105 cz\u0119\u015bci\u0105 mojego \u017cycia. Tym sposobem w 2020 roku powsta\u0142a Budka Groomera. [&hellip;]<\/p>\n","protected":false},"author":1,"featured_media":0,"parent":0,"menu_order":0,"comment_status":"closed","ping_status":"closed","template":"","meta":{"ngg_post_thumbnail":0,"footnotes":""},"_links":{"self":[{"href":"https:\/\/budkagroomera.pl\/index.php\/wp-json\/wp\/v2\/pages\/5"}],"collection":[{"href":"https:\/\/budkagroomera.pl\/index.php\/wp-json\/wp\/v2\/pages"}],"about":[{"href":"https:\/\/budkagroomera.pl\/index.php\/wp-json\/wp\/v2\/types\/page"}],"author":[{"embeddable":true,"href":"https:\/\/budkagroomera.pl\/index.php\/wp-json\/wp\/v2\/users\/1"}],"replies":[{"embeddable":true,"href":"https:\/\/budkagroomera.pl\/index.php\/wp-json\/wp\/v2\/comments?post=5"}],"version-history":[{"count":31,"href":"https:\/\/budkagroomera.pl\/index.php\/wp-json\/wp\/v2\/pages\/5\/revisions"}],"predecessor-version":[{"id":312,"href":"https:\/\/budkagroomera.pl\/index.php\/wp-json\/wp\/v2\/pages\/5\/revisions\/312"}],"wp:attachment":[{"href":"https:\/\/budkagroomera.pl\/index.php\/wp-json\/wp\/v2\/media?parent=5"}],"curies":[{"name":"wp","href":"https:\/\/api.w.org\/{rel}","templated":true}]}}